{"id":40740,"date":"2016-09-06T17:17:24","date_gmt":"2016-09-06T15:17:24","guid":{"rendered":"https:\/\/contarini.net\/de\/produkt\/fc-c-de\/"},"modified":"2016-09-06T17:17:25","modified_gmt":"2016-09-06T15:17:25","slug":"fc-c-de","status":"publish","type":"product","link":"https:\/\/contarini.net\/de\/produkt\/fc-c-de\/","title":{"rendered":"HUBBEGRENZUNGSVENTIL &#8211; NORMALERWEISE GESCHLOSSEN TYP FC-C"},"content":{"rendered":"<p>Das Hubbegrenzungsventil der Serie VC-C wird zum \u00d6ffnen des \u00d6ldurchgangs in einem Hydraulikkreis \u00fcber ein mechanisches Bedienelement eingesetzt (Durchfluss in beide Richtungen blockiert). Es handelt sich um eine normalerweise-geschlossen-Schaltung.  Es wird zum Bet\u00e4tigen von zwei Stellgliedern nacheinander oder als Hubbegrenzungsventil mit an den Ablauf angeschlossenem Durchfluss eingesetzt.<\/p>\n","protected":false},"excerpt":{"rendered":"<p>Das Hubbegrenzungsventil der Serie VC-C wird zum \u00d6ffnen des \u00d6ldurchgangs in einem Hydraulikkreis \u00fcber ein mechanisches Bedienelement eingesetzt (Durchfluss in beide Richtungen blockiert). Es handelt sich um eine normalerweise-geschlossen-Schaltung. Es wird zum Bet\u00e4tigen von zwei Stellgliedern nacheinander oder als Hubbegrenzungsventil mit an den Ablauf angeschlossenem Durchfluss eingesetzt.<\/p>\n","protected":false},"featured_media":0,"template":"","product_brand":[],"product_cat":[561],"product_tag":[],"class_list":{"0":"post-40740","1":"product","2":"type-product","3":"status-publish","5":"product_cat-verschiendene-hydraulikventile","6":"odd","8":"first","9":"instock","10":"shipping-taxable","11":"product-type-simple"},"_links":{"self":[{"href":"https:\/\/contarini.net\/de\/wp-json\/wp\/v2\/product\/40740","targetHints":{"allow":["GET"]}}],"collection":[{"href":"https:\/\/contarini.net\/de\/wp-json\/wp\/v2\/product"}],"about":[{"href":"https:\/\/contarini.net\/de\/wp-json\/wp\/v2\/types\/product"}],"wp:attachment":[{"href":"https:\/\/contarini.net\/de\/wp-json\/wp\/v2\/media?parent=40740"}],"wp:term":[{"taxonomy":"product_brand","embeddable":true,"href":"https:\/\/contarini.net\/de\/wp-json\/wp\/v2\/product_brand?post=40740"},{"taxonomy":"product_cat","embeddable":true,"href":"https:\/\/contarini.net\/de\/wp-json\/wp\/v2\/product_cat?post=40740"},{"taxonomy":"product_tag","embeddable":true,"href":"https:\/\/contarini.net\/de\/wp-json\/wp\/v2\/product_tag?post=40740"}],"curies":[{"name":"wp","href":"https:\/\/api.w.org\/{rel}","templated":true}]}}