{"id":40722,"date":"2016-09-06T17:17:04","date_gmt":"2016-09-06T15:17:04","guid":{"rendered":"https:\/\/contarini.net\/de\/produkt\/vui-de\/"},"modified":"2016-09-06T17:17:04","modified_gmt":"2016-09-06T15:17:04","slug":"vui-de","status":"publish","type":"product","link":"https:\/\/contarini.net\/de\/produkt\/vui-de\/","title":{"rendered":"R\u00dcCKSCHLAGVENTIL ( KUGELSPERRUNG ) TYP VUI"},"content":{"rendered":"<p>Die R\u00fcckschlagventile der Serie VUI erm\u00f6glichen den Durchfluss in eine Richtung und verhindern ihn in der entgegengesetzten Richtung. Bei sehr kleinen Abmessungen werden sie in speziellen Bl\u00f6cken verwendet. Die spezielle Ausf\u00fchrung erm\u00f6glicht die Verwendung in beiden Richtungen.<\/p>\n","protected":false},"excerpt":{"rendered":"<p>Die R\u00fcckschlagventile der Serie VUI erm\u00f6glichen den Durchfluss in eine Richtung und verhindern ihn in der entgegengesetzten Richtung. Bei sehr kleinen Abmessungen werden sie in speziellen Bl\u00f6cken verwendet. Die spezielle Ausf\u00fchrung erm\u00f6glicht die Verwendung in beiden Richtungen.<\/p>\n","protected":false},"featured_media":0,"template":"","product_brand":[],"product_cat":[558],"product_tag":[],"class_list":{"0":"post-40722","1":"product","2":"type-product","3":"status-publish","5":"product_cat-rueckschlagventile","6":"odd","8":"first","9":"instock","10":"shipping-taxable","11":"product-type-simple"},"_links":{"self":[{"href":"https:\/\/contarini.net\/de\/wp-json\/wp\/v2\/product\/40722","targetHints":{"allow":["GET"]}}],"collection":[{"href":"https:\/\/contarini.net\/de\/wp-json\/wp\/v2\/product"}],"about":[{"href":"https:\/\/contarini.net\/de\/wp-json\/wp\/v2\/types\/product"}],"wp:attachment":[{"href":"https:\/\/contarini.net\/de\/wp-json\/wp\/v2\/media?parent=40722"}],"wp:term":[{"taxonomy":"product_brand","embeddable":true,"href":"https:\/\/contarini.net\/de\/wp-json\/wp\/v2\/product_brand?post=40722"},{"taxonomy":"product_cat","embeddable":true,"href":"https:\/\/contarini.net\/de\/wp-json\/wp\/v2\/product_cat?post=40722"},{"taxonomy":"product_tag","embeddable":true,"href":"https:\/\/contarini.net\/de\/wp-json\/wp\/v2\/product_tag?post=40722"}],"curies":[{"name":"wp","href":"https:\/\/api.w.org\/{rel}","templated":true}]}}