{"id":40716,"date":"2016-09-06T17:17:01","date_gmt":"2016-09-06T15:17:01","guid":{"rendered":"https:\/\/contarini.net\/de\/produkt\/vrc-de\/"},"modified":"2016-09-06T17:17:01","modified_gmt":"2016-09-06T15:17:01","slug":"vrc-de","status":"publish","type":"product","link":"https:\/\/contarini.net\/de\/produkt\/vrc-de\/","title":{"rendered":"BEIDSEITIG GERICHTETES VENTIL ( KEGELSPERRUNG ) TYP VRC"},"content":{"rendered":"<p>Die bidirektionalen Ventile der Serie VRC werden eingesetzt, wenn die Str\u00f6mungsrichtung gewechselt werden soll. Bei 0,5 bar wird eine \u00d6ffnung ge\u00f6ffnet, bei einem voreingestellten Druck von 8 bar wird die entgegengesetzte \u00d6ffnung ge\u00f6ffnet. Anschluss: I + I<\/p>\n","protected":false},"excerpt":{"rendered":"<p>Die bidirektionalen Ventile der Serie VRC werden eingesetzt, wenn die Str\u00f6mungsrichtung gewechselt werden soll. Bei 0,5 bar wird eine \u00d6ffnung ge\u00f6ffnet, bei einem voreingestellten Druck von 8 bar wird die entgegengesetzte \u00d6ffnung ge\u00f6ffnet. Anschluss: I + I<\/p>\n","protected":false},"featured_media":0,"template":"","product_brand":[],"product_cat":[558],"product_tag":[],"class_list":{"0":"post-40716","1":"product","2":"type-product","3":"status-publish","5":"product_cat-rueckschlagventile","6":"odd","8":"first","9":"instock","10":"shipping-taxable","11":"product-type-simple"},"_links":{"self":[{"href":"https:\/\/contarini.net\/de\/wp-json\/wp\/v2\/product\/40716","targetHints":{"allow":["GET"]}}],"collection":[{"href":"https:\/\/contarini.net\/de\/wp-json\/wp\/v2\/product"}],"about":[{"href":"https:\/\/contarini.net\/de\/wp-json\/wp\/v2\/types\/product"}],"wp:attachment":[{"href":"https:\/\/contarini.net\/de\/wp-json\/wp\/v2\/media?parent=40716"}],"wp:term":[{"taxonomy":"product_brand","embeddable":true,"href":"https:\/\/contarini.net\/de\/wp-json\/wp\/v2\/product_brand?post=40716"},{"taxonomy":"product_cat","embeddable":true,"href":"https:\/\/contarini.net\/de\/wp-json\/wp\/v2\/product_cat?post=40716"},{"taxonomy":"product_tag","embeddable":true,"href":"https:\/\/contarini.net\/de\/wp-json\/wp\/v2\/product_tag?post=40716"}],"curies":[{"name":"wp","href":"https:\/\/api.w.org\/{rel}","templated":true}]}}