{"id":40686,"date":"2016-09-06T17:16:46","date_gmt":"2016-09-06T15:16:46","guid":{"rendered":"https:\/\/contarini.net\/de\/produkt\/vbcda-se-de\/"},"modified":"2016-09-06T17:16:47","modified_gmt":"2016-09-06T15:16:47","slug":"vbcda-se-de","status":"publish","type":"product","link":"https:\/\/contarini.net\/de\/produkt\/vbcda-se-de\/","title":{"rendered":"SENKBREMSVENTIL (EINFACHWIRKEND) TYP VBCD\/A SE"},"content":{"rendered":"<p>Das Senkbremsventil der Serie VBCD\/A SE wird verwendet, um die Bewegung und die Sperre des Stellantriebs in einer einzigen Richtung zu kontrollieren, wobei die folgenden Funktionen ausgef\u00fchrt werden: \u2022 Kontrollierte Abw\u00e4rtsbewegung der Last, die nicht durch das eigene Gewicht getrieben entweicht, da das Ventil keine Kavitation des Stellantriebs zul\u00e4sst. \u2022 Beschr\u00e4nkung des maximalen Drucks im Fall von St\u00f6\u00dfen durch Last, \u00dcberbelastung oder pl\u00f6tzlicher Bedienung (Lastkontrolle mit einem Wegeventil mit offener Ruhestellung).<\/p>\n","protected":false},"excerpt":{"rendered":"<p>Das Senkbremsventil der Serie VBCD\/A SE wird verwendet, um die Bewegung und die Sperre des Stellantriebs in einer einzigen Richtung zu kontrollieren, wobei die folgenden Funktionen ausgef\u00fchrt werden: \u2022 Kontrollierte Abw\u00e4rtsbewegung der Last, die nicht durch das eigene Gewicht getrieben entweicht, da das Ventil keine Kavitation des Stellantriebs zul\u00e4sst. \u2022 Beschr\u00e4nkung des maximalen Drucks im Fall von St\u00f6\u00dfen durch Last, [&hellip;]<\/p>\n","protected":false},"featured_media":0,"template":"","product_brand":[],"product_cat":[555],"product_tag":[],"class_list":{"0":"post-40686","1":"product","2":"type-product","3":"status-publish","5":"product_cat-senkbrembsventile","6":"odd","8":"first","9":"instock","10":"shipping-taxable","11":"product-type-simple"},"_links":{"self":[{"href":"https:\/\/contarini.net\/de\/wp-json\/wp\/v2\/product\/40686","targetHints":{"allow":["GET"]}}],"collection":[{"href":"https:\/\/contarini.net\/de\/wp-json\/wp\/v2\/product"}],"about":[{"href":"https:\/\/contarini.net\/de\/wp-json\/wp\/v2\/types\/product"}],"wp:attachment":[{"href":"https:\/\/contarini.net\/de\/wp-json\/wp\/v2\/media?parent=40686"}],"wp:term":[{"taxonomy":"product_brand","embeddable":true,"href":"https:\/\/contarini.net\/de\/wp-json\/wp\/v2\/product_brand?post=40686"},{"taxonomy":"product_cat","embeddable":true,"href":"https:\/\/contarini.net\/de\/wp-json\/wp\/v2\/product_cat?post=40686"},{"taxonomy":"product_tag","embeddable":true,"href":"https:\/\/contarini.net\/de\/wp-json\/wp\/v2\/product_tag?post=40686"}],"curies":[{"name":"wp","href":"https:\/\/api.w.org\/{rel}","templated":true}]}}