{"id":40683,"date":"2016-09-06T17:16:45","date_gmt":"2016-09-06T15:16:45","guid":{"rendered":"https:\/\/contarini.net\/de\/produkt\/vbcda-de-flv-de\/"},"modified":"2016-09-06T17:16:46","modified_gmt":"2016-09-06T15:16:46","slug":"vbcda-de-flv-de","status":"publish","type":"product","link":"https:\/\/contarini.net\/de\/produkt\/vbcda-de-flv-de\/","title":{"rendered":"SENKBREMSVENTIL (DOPPELWIRKEND) TYP VBCD\/A DE-FLV"},"content":{"rendered":"<p>Das Senkbremsventil der Serie VBCD\/A DE-FLV wird verwendet, um die Bewegung und die Sperre des Stellantriebs in beiden Richtungen zu kontrollieren, wobei die folgenden Funktionen ausgef\u00fchrt werden: \u2022 Kontrollierte Abw\u00e4rtsbewegung der Last, die nicht durch das eigene Gewicht getrieben entweicht, da das Ventil keine Kavitation des Stellantriebs zul\u00e4sst. \u2022 Beschr\u00e4nkung des maximalen Drucks im Fall von St\u00f6\u00dfen durch Last, \u00dcberbelastung oder pl\u00f6tzlicher Bedienung (Lastkontrolle mit einem Wegeventil mit offener Ruhestellung). Die spezielle, mit dem Ventil gelieferte Befestigung, erm\u00f6glicht die Montage des Ventils direkt auf dem Stellantrieb.<\/p>\n","protected":false},"excerpt":{"rendered":"<p>Das Senkbremsventil der Serie VBCD\/A DE-FLV wird verwendet, um die Bewegung und die Sperre des Stellantriebs in beiden Richtungen zu kontrollieren, wobei die folgenden Funktionen ausgef\u00fchrt werden: \u2022 Kontrollierte Abw\u00e4rtsbewegung der Last, die nicht durch das eigene Gewicht getrieben entweicht, da das Ventil keine Kavitation des Stellantriebs zul\u00e4sst. \u2022 Beschr\u00e4nkung des maximalen Drucks im Fall von St\u00f6\u00dfen durch Last, \u00dcberbelastung [&hellip;]<\/p>\n","protected":false},"featured_media":0,"template":"","product_brand":[],"product_cat":[555],"product_tag":[],"class_list":{"0":"post-40683","1":"product","2":"type-product","3":"status-publish","5":"product_cat-senkbrembsventile","6":"odd","8":"first","9":"instock","10":"shipping-taxable","11":"product-type-simple"},"_links":{"self":[{"href":"https:\/\/contarini.net\/de\/wp-json\/wp\/v2\/product\/40683","targetHints":{"allow":["GET"]}}],"collection":[{"href":"https:\/\/contarini.net\/de\/wp-json\/wp\/v2\/product"}],"about":[{"href":"https:\/\/contarini.net\/de\/wp-json\/wp\/v2\/types\/product"}],"wp:attachment":[{"href":"https:\/\/contarini.net\/de\/wp-json\/wp\/v2\/media?parent=40683"}],"wp:term":[{"taxonomy":"product_brand","embeddable":true,"href":"https:\/\/contarini.net\/de\/wp-json\/wp\/v2\/product_brand?post=40683"},{"taxonomy":"product_cat","embeddable":true,"href":"https:\/\/contarini.net\/de\/wp-json\/wp\/v2\/product_cat?post=40683"},{"taxonomy":"product_tag","embeddable":true,"href":"https:\/\/contarini.net\/de\/wp-json\/wp\/v2\/product_tag?post=40683"}],"curies":[{"name":"wp","href":"https:\/\/api.w.org\/{rel}","templated":true}]}}