{"id":40641,"date":"2016-09-06T17:16:29","date_gmt":"2016-09-06T15:16:29","guid":{"rendered":"https:\/\/contarini.net\/de\/produkt\/vuba-din-de\/"},"modified":"2016-09-06T17:16:29","modified_gmt":"2016-09-06T15:16:29","slug":"vuba-din-de","status":"publish","type":"product","link":"https:\/\/contarini.net\/de\/produkt\/vuba-din-de\/","title":{"rendered":"ROHRBRUCHSICHERUNGSVENTIL &#8211; DIN 2353 TYP VUBA DIN"},"content":{"rendered":"<p>Das Rohrbruchsicherungsventil der Serie VUBA DIN wird zum automatischen Blockieren einer pl\u00f6tzlichen Erh\u00f6hung der F\u00f6rdermenge eines hydraulischen Abnehmers eingesetzt. Es ist mit einem DIN 2353-Anschluss versehen.<\/p>\n","protected":false},"excerpt":{"rendered":"<p>Das Rohrbruchsicherungsventil der Serie VUBA DIN wird zum automatischen Blockieren einer pl\u00f6tzlichen Erh\u00f6hung der F\u00f6rdermenge eines hydraulischen Abnehmers eingesetzt. Es ist mit einem DIN 2353-Anschluss versehen.<\/p>\n","protected":false},"featured_media":0,"template":"","product_brand":[],"product_cat":[552],"product_tag":[],"class_list":{"0":"post-40641","1":"product","2":"type-product","3":"status-publish","5":"product_cat-vorgesteuerte-sperrventile","6":"odd","8":"first","9":"instock","10":"shipping-taxable","11":"product-type-simple"},"_links":{"self":[{"href":"https:\/\/contarini.net\/de\/wp-json\/wp\/v2\/product\/40641","targetHints":{"allow":["GET"]}}],"collection":[{"href":"https:\/\/contarini.net\/de\/wp-json\/wp\/v2\/product"}],"about":[{"href":"https:\/\/contarini.net\/de\/wp-json\/wp\/v2\/types\/product"}],"wp:attachment":[{"href":"https:\/\/contarini.net\/de\/wp-json\/wp\/v2\/media?parent=40641"}],"wp:term":[{"taxonomy":"product_brand","embeddable":true,"href":"https:\/\/contarini.net\/de\/wp-json\/wp\/v2\/product_brand?post=40641"},{"taxonomy":"product_cat","embeddable":true,"href":"https:\/\/contarini.net\/de\/wp-json\/wp\/v2\/product_cat?post=40641"},{"taxonomy":"product_tag","embeddable":true,"href":"https:\/\/contarini.net\/de\/wp-json\/wp\/v2\/product_tag?post=40641"}],"curies":[{"name":"wp","href":"https:\/\/api.w.org\/{rel}","templated":true}]}}