{"id":40635,"date":"2016-09-06T17:16:27","date_gmt":"2016-09-06T15:16:27","guid":{"rendered":"https:\/\/contarini.net\/de\/produkt\/cmfxvuba-de\/"},"modified":"2016-09-06T17:16:27","modified_gmt":"2016-09-06T15:16:27","slug":"cmfxvuba-de","status":"publish","type":"product","link":"https:\/\/contarini.net\/de\/produkt\/cmfxvuba-de\/","title":{"rendered":"GEH\u00c4USE F\u00dcR &#8222;VUBA&#8220; VENTILTYP CMFXVUBA"},"content":{"rendered":"<p>Die Ventilgeh\u00e4use der Serie CMF X VUBA sind spezielle Anschl\u00fcsse, die eine in-line-Montage der Ventile der Serie VUBA ohne die Fertigung von kostenintensiven Aufnahmen erm\u00f6glichen. Typ Au\u00dfen-Innengewinde<\/p>\n","protected":false},"excerpt":{"rendered":"<p>Die Ventilgeh\u00e4use der Serie CMF X VUBA sind spezielle Anschl\u00fcsse, die eine in-line-Montage der Ventile der Serie VUBA ohne die Fertigung von kostenintensiven Aufnahmen erm\u00f6glichen. Typ Au\u00dfen-Innengewinde<\/p>\n","protected":false},"featured_media":0,"template":"","product_brand":[],"product_cat":[552],"product_tag":[],"class_list":{"0":"post-40635","1":"product","2":"type-product","3":"status-publish","5":"product_cat-vorgesteuerte-sperrventile","6":"odd","8":"first","9":"instock","10":"shipping-taxable","11":"product-type-simple"},"_links":{"self":[{"href":"https:\/\/contarini.net\/de\/wp-json\/wp\/v2\/product\/40635","targetHints":{"allow":["GET"]}}],"collection":[{"href":"https:\/\/contarini.net\/de\/wp-json\/wp\/v2\/product"}],"about":[{"href":"https:\/\/contarini.net\/de\/wp-json\/wp\/v2\/types\/product"}],"wp:attachment":[{"href":"https:\/\/contarini.net\/de\/wp-json\/wp\/v2\/media?parent=40635"}],"wp:term":[{"taxonomy":"product_brand","embeddable":true,"href":"https:\/\/contarini.net\/de\/wp-json\/wp\/v2\/product_brand?post=40635"},{"taxonomy":"product_cat","embeddable":true,"href":"https:\/\/contarini.net\/de\/wp-json\/wp\/v2\/product_cat?post=40635"},{"taxonomy":"product_tag","embeddable":true,"href":"https:\/\/contarini.net\/de\/wp-json\/wp\/v2\/product_tag?post=40635"}],"curies":[{"name":"wp","href":"https:\/\/api.w.org\/{rel}","templated":true}]}}