{"id":40629,"date":"2016-09-06T17:16:24","date_gmt":"2016-09-06T15:16:24","guid":{"rendered":"https:\/\/contarini.net\/de\/produkt\/vcp-de\/"},"modified":"2016-09-06T17:16:25","modified_gmt":"2016-09-06T15:16:25","slug":"vcp-de","status":"publish","type":"product","link":"https:\/\/contarini.net\/de\/produkt\/vcp-de\/","title":{"rendered":"VORGESTEUERTES SPERRVENTIL &#8211;  TYP VCP"},"content":{"rendered":"<p>Das vorgesteuerte Sperrventil (Kegelsperrung) der Serie VCP wird zum Blockieren von Stellgliedern in einer bestimmten Position in einer einzigen Richtung eingesetzt. Gleichzeitig macht es das Stellglied gegen\u00fcber Krafteinwirkung von au\u00dfen unempfindlich. Der Durchfluss in der umgekehrten Richtung erfolgt \u00fcber einen Steuerbefehl.<\/p>\n","protected":false},"excerpt":{"rendered":"<p>Das vorgesteuerte Sperrventil (Kegelsperrung) der Serie VCP wird zum Blockieren von Stellgliedern in einer bestimmten Position in einer einzigen Richtung eingesetzt. Gleichzeitig macht es das Stellglied gegen\u00fcber Krafteinwirkung von au\u00dfen unempfindlich. Der Durchfluss in der umgekehrten Richtung erfolgt \u00fcber einen Steuerbefehl.<\/p>\n","protected":false},"featured_media":0,"template":"","product_brand":[],"product_cat":[552],"product_tag":[],"class_list":{"0":"post-40629","1":"product","2":"type-product","3":"status-publish","5":"product_cat-vorgesteuerte-sperrventile","6":"odd","8":"first","9":"instock","10":"shipping-taxable","11":"product-type-simple"},"_links":{"self":[{"href":"https:\/\/contarini.net\/de\/wp-json\/wp\/v2\/product\/40629","targetHints":{"allow":["GET"]}}],"collection":[{"href":"https:\/\/contarini.net\/de\/wp-json\/wp\/v2\/product"}],"about":[{"href":"https:\/\/contarini.net\/de\/wp-json\/wp\/v2\/types\/product"}],"wp:attachment":[{"href":"https:\/\/contarini.net\/de\/wp-json\/wp\/v2\/media?parent=40629"}],"wp:term":[{"taxonomy":"product_brand","embeddable":true,"href":"https:\/\/contarini.net\/de\/wp-json\/wp\/v2\/product_brand?post=40629"},{"taxonomy":"product_cat","embeddable":true,"href":"https:\/\/contarini.net\/de\/wp-json\/wp\/v2\/product_cat?post=40629"},{"taxonomy":"product_tag","embeddable":true,"href":"https:\/\/contarini.net\/de\/wp-json\/wp\/v2\/product_tag?post=40629"}],"curies":[{"name":"wp","href":"https:\/\/api.w.org\/{rel}","templated":true}]}}