{"id":40623,"date":"2016-09-06T17:16:22","date_gmt":"2016-09-06T15:16:22","guid":{"rendered":"https:\/\/contarini.net\/de\/produkt\/vrpse-din-de\/"},"modified":"2016-09-06T17:16:22","modified_gmt":"2016-09-06T15:16:22","slug":"vrpse-din-de","status":"publish","type":"product","link":"https:\/\/contarini.net\/de\/produkt\/vrpse-din-de\/","title":{"rendered":"VERGESTEUERTES SPERRVENTIL DIN 2353+ BY PASS (EINFACHWIRKEND) TYP VPRSE-DIN"},"content":{"rendered":"<p>Die einfachwirkenden angesteuerten Stromregler der Serie VRPSE werden verwendet, um einen Stellantrieb in Position zu sperren und um ihn best\u00e4ndig gegen externe Kr\u00e4fte zu machen. Der Durchfluss in umgekehrter Richtung erfolgt \u00fcber eine ausl\u00f6sende Ansteuerung. Mit dem Absperrhahn kann der Stellantrieb ausgeschlossen oder versorgt werden. Sie werden wegen ihrer hohen Zuverl\u00e4ssigkeit h\u00e4ufig in Stabilisatoren verwendet.<\/p>\n","protected":false},"excerpt":{"rendered":"<p>Die einfachwirkenden angesteuerten Stromregler der Serie VRPSE werden verwendet, um einen Stellantrieb in Position zu sperren und um ihn best\u00e4ndig gegen externe Kr\u00e4fte zu machen. Der Durchfluss in umgekehrter Richtung erfolgt \u00fcber eine ausl\u00f6sende Ansteuerung. Mit dem Absperrhahn kann der Stellantrieb ausgeschlossen oder versorgt werden. Sie werden wegen ihrer hohen Zuverl\u00e4ssigkeit h\u00e4ufig in Stabilisatoren verwendet.<\/p>\n","protected":false},"featured_media":0,"template":"","product_brand":[],"product_cat":[552],"product_tag":[],"class_list":{"0":"post-40623","1":"product","2":"type-product","3":"status-publish","5":"product_cat-vorgesteuerte-sperrventile","6":"odd","8":"first","9":"instock","10":"shipping-taxable","11":"product-type-simple"},"_links":{"self":[{"href":"https:\/\/contarini.net\/de\/wp-json\/wp\/v2\/product\/40623","targetHints":{"allow":["GET"]}}],"collection":[{"href":"https:\/\/contarini.net\/de\/wp-json\/wp\/v2\/product"}],"about":[{"href":"https:\/\/contarini.net\/de\/wp-json\/wp\/v2\/types\/product"}],"wp:attachment":[{"href":"https:\/\/contarini.net\/de\/wp-json\/wp\/v2\/media?parent=40623"}],"wp:term":[{"taxonomy":"product_brand","embeddable":true,"href":"https:\/\/contarini.net\/de\/wp-json\/wp\/v2\/product_brand?post=40623"},{"taxonomy":"product_cat","embeddable":true,"href":"https:\/\/contarini.net\/de\/wp-json\/wp\/v2\/product_cat?post=40623"},{"taxonomy":"product_tag","embeddable":true,"href":"https:\/\/contarini.net\/de\/wp-json\/wp\/v2\/product_tag?post=40623"}],"curies":[{"name":"wp","href":"https:\/\/api.w.org\/{rel}","templated":true}]}}