{"id":40614,"date":"2016-09-06T17:16:18","date_gmt":"2016-09-06T15:16:18","guid":{"rendered":"https:\/\/contarini.net\/de\/produkt\/vpde-de\/"},"modified":"2016-09-06T17:16:19","modified_gmt":"2016-09-06T15:16:19","slug":"vpde-de","status":"publish","type":"product","link":"https:\/\/contarini.net\/de\/produkt\/vpde-de\/","title":{"rendered":"VORGESTEUERTES SPERRVENTIL &#8211; (DOPPELWIRKEND) TYP VPDE"},"content":{"rendered":"<p>Die doppelwirkenden vorgesteuerten Sperrventile der Serie VPDE werden verwendet, um einen Stellantrieb in Position zu sperren und um ihn best\u00e4ndig gegen externe Kr\u00e4fte zu machen. F\u00fcr Anschl\u00fcsse auf der Leitung verwendet.<\/p>\n","protected":false},"excerpt":{"rendered":"<p>Die doppelwirkenden vorgesteuerten Sperrventile der Serie VPDE werden verwendet, um einen Stellantrieb in Position zu sperren und um ihn best\u00e4ndig gegen externe Kr\u00e4fte zu machen. F\u00fcr Anschl\u00fcsse auf der Leitung verwendet.<\/p>\n","protected":false},"featured_media":0,"template":"","product_brand":[],"product_cat":[552],"product_tag":[],"class_list":{"0":"post-40614","1":"product","2":"type-product","3":"status-publish","5":"product_cat-vorgesteuerte-sperrventile","6":"odd","8":"first","9":"instock","10":"shipping-taxable","11":"product-type-simple"},"_links":{"self":[{"href":"https:\/\/contarini.net\/de\/wp-json\/wp\/v2\/product\/40614","targetHints":{"allow":["GET"]}}],"collection":[{"href":"https:\/\/contarini.net\/de\/wp-json\/wp\/v2\/product"}],"about":[{"href":"https:\/\/contarini.net\/de\/wp-json\/wp\/v2\/types\/product"}],"wp:attachment":[{"href":"https:\/\/contarini.net\/de\/wp-json\/wp\/v2\/media?parent=40614"}],"wp:term":[{"taxonomy":"product_brand","embeddable":true,"href":"https:\/\/contarini.net\/de\/wp-json\/wp\/v2\/product_brand?post=40614"},{"taxonomy":"product_cat","embeddable":true,"href":"https:\/\/contarini.net\/de\/wp-json\/wp\/v2\/product_cat?post=40614"},{"taxonomy":"product_tag","embeddable":true,"href":"https:\/\/contarini.net\/de\/wp-json\/wp\/v2\/product_tag?post=40614"}],"curies":[{"name":"wp","href":"https:\/\/api.w.org\/{rel}","templated":true}]}}