{"id":40608,"date":"2016-09-06T17:16:16","date_gmt":"2016-09-06T15:16:16","guid":{"rendered":"https:\/\/contarini.net\/de\/produkt\/vbps-de\/"},"modified":"2016-09-06T17:16:17","modified_gmt":"2016-09-06T15:16:17","slug":"vbps-de","status":"publish","type":"product","link":"https:\/\/contarini.net\/de\/produkt\/vbps-de\/","title":{"rendered":"VORGESTEUERTES SPERRVENTIL &#8211; (EINFACHWIRKEND) TYP VBPS"},"content":{"rendered":"<p>Die einfachwirkenden vorgesteuerten Sperrventile der Serie VBPS werden verwendet, um einen Stellantrieb in einer Richtung in Position zu sperren und um ihn best\u00e4ndig gegen externe Kr\u00e4fte zu machen. Der Durchfluss in umgekehrter Richtung erfolgt \u00fcber eine ausl\u00f6sende Ansteuerung.<\/p>\n","protected":false},"excerpt":{"rendered":"<p>Die einfachwirkenden vorgesteuerten Sperrventile der Serie VBPS werden verwendet, um einen Stellantrieb in einer Richtung in Position zu sperren und um ihn best\u00e4ndig gegen externe Kr\u00e4fte zu machen. Der Durchfluss in umgekehrter Richtung erfolgt \u00fcber eine ausl\u00f6sende Ansteuerung.<\/p>\n","protected":false},"featured_media":0,"template":"","product_brand":[],"product_cat":[552],"product_tag":[],"class_list":{"0":"post-40608","1":"product","2":"type-product","3":"status-publish","5":"product_cat-vorgesteuerte-sperrventile","6":"odd","8":"first","9":"instock","10":"shipping-taxable","11":"product-type-simple"},"_links":{"self":[{"href":"https:\/\/contarini.net\/de\/wp-json\/wp\/v2\/product\/40608","targetHints":{"allow":["GET"]}}],"collection":[{"href":"https:\/\/contarini.net\/de\/wp-json\/wp\/v2\/product"}],"about":[{"href":"https:\/\/contarini.net\/de\/wp-json\/wp\/v2\/types\/product"}],"wp:attachment":[{"href":"https:\/\/contarini.net\/de\/wp-json\/wp\/v2\/media?parent=40608"}],"wp:term":[{"taxonomy":"product_brand","embeddable":true,"href":"https:\/\/contarini.net\/de\/wp-json\/wp\/v2\/product_brand?post=40608"},{"taxonomy":"product_cat","embeddable":true,"href":"https:\/\/contarini.net\/de\/wp-json\/wp\/v2\/product_cat?post=40608"},{"taxonomy":"product_tag","embeddable":true,"href":"https:\/\/contarini.net\/de\/wp-json\/wp\/v2\/product_tag?post=40608"}],"curies":[{"name":"wp","href":"https:\/\/api.w.org\/{rel}","templated":true}]}}