{"id":40578,"date":"2016-09-06T17:15:55","date_gmt":"2016-09-06T15:15:55","guid":{"rendered":"https:\/\/contarini.net\/de\/produkt\/rfp-g-de\/"},"modified":"2016-09-06T17:15:55","modified_gmt":"2016-09-06T15:15:55","slug":"rfp-g-de","status":"publish","type":"product","link":"https:\/\/contarini.net\/de\/produkt\/rfp-g-de\/","title":{"rendered":"VORZUGSTROMREGLER TYP RFP..G"},"content":{"rendered":"<p>Der Vorzugstromregler (druckkompensiert) der Serie RFP&#8230;G wird verwendet, um die Durchflussleistung an der Ablass\u00f6ffnung auch bei Druck\u00e4nderungen einzustellen und konstant zu halten und um die \u00fcbersch\u00fcssige Durchflussleistung zum Ablassen zu bringen. Auch die Nebenablass\u00f6ffnung ist best\u00e4ndig gegen Druck\u00e4nderungen. Geh\u00e4use aus Hydraulikguss.<\/p>\n","protected":false},"excerpt":{"rendered":"<p>Der Vorzugstromregler (druckkompensiert) der Serie RFP&#8230;G wird verwendet, um die Durchflussleistung an der Ablass\u00f6ffnung auch bei Druck\u00e4nderungen einzustellen und konstant zu halten und um die \u00fcbersch\u00fcssige Durchflussleistung zum Ablassen zu bringen. Auch die Nebenablass\u00f6ffnung ist best\u00e4ndig gegen Druck\u00e4nderungen. Geh\u00e4use aus Hydraulikguss.<\/p>\n","protected":false},"featured_media":0,"template":"","product_brand":[],"product_cat":[549],"product_tag":[],"class_list":{"0":"post-40578","1":"product","2":"type-product","3":"status-publish","5":"product_cat-durchflusskontrolle-hydraulikventile","6":"odd","8":"first","9":"instock","10":"shipping-taxable","11":"product-type-simple"},"_links":{"self":[{"href":"https:\/\/contarini.net\/de\/wp-json\/wp\/v2\/product\/40578","targetHints":{"allow":["GET"]}}],"collection":[{"href":"https:\/\/contarini.net\/de\/wp-json\/wp\/v2\/product"}],"about":[{"href":"https:\/\/contarini.net\/de\/wp-json\/wp\/v2\/types\/product"}],"wp:attachment":[{"href":"https:\/\/contarini.net\/de\/wp-json\/wp\/v2\/media?parent=40578"}],"wp:term":[{"taxonomy":"product_brand","embeddable":true,"href":"https:\/\/contarini.net\/de\/wp-json\/wp\/v2\/product_brand?post=40578"},{"taxonomy":"product_cat","embeddable":true,"href":"https:\/\/contarini.net\/de\/wp-json\/wp\/v2\/product_cat?post=40578"},{"taxonomy":"product_tag","embeddable":true,"href":"https:\/\/contarini.net\/de\/wp-json\/wp\/v2\/product_tag?post=40578"}],"curies":[{"name":"wp","href":"https:\/\/api.w.org\/{rel}","templated":true}]}}