{"id":40572,"date":"2016-09-06T17:15:52","date_gmt":"2016-09-06T15:15:52","guid":{"rendered":"https:\/\/contarini.net\/de\/produkt\/bvr05-de\/"},"modified":"2016-09-06T17:15:52","modified_gmt":"2016-09-06T15:15:52","slug":"bvr05-de","status":"publish","type":"product","link":"https:\/\/contarini.net\/de\/produkt\/bvr05-de\/","title":{"rendered":"STROMREGLER F\u00dcR MOTOREN &#8222;MPP-MPR-MCP-MCR&#8220; TYP &#8222;BVR05&#8220;"},"content":{"rendered":"<p>Der Durchflussregler f\u00fcr Motoren der Serie BVR05 dient der Aufrechterhaltung einer gleichf\u00f6rmigen, festgelegten F\u00f6rdermenge unabh\u00e4ngig vom geforderten Druck und der F\u00f6rdermenge am Ventileinlass. Die \u00fcbersch\u00fcssige Menge wird direkt an den Auslass T (Tank) weitergeleitet. Dieses Ventil ist f\u00fcr eine direkte Befestigung an den Hydraulikmotoren der Serien MPP-MPR-MCP-MCR vorgesehen.<\/p>\n","protected":false},"excerpt":{"rendered":"<p>Der Durchflussregler f\u00fcr Motoren der Serie BVR05 dient der Aufrechterhaltung einer gleichf\u00f6rmigen, festgelegten F\u00f6rdermenge unabh\u00e4ngig vom geforderten Druck und der F\u00f6rdermenge am Ventileinlass. Die \u00fcbersch\u00fcssige Menge wird direkt an den Auslass T (Tank) weitergeleitet. Dieses Ventil ist f\u00fcr eine direkte Befestigung an den Hydraulikmotoren der Serien MPP-MPR-MCP-MCR vorgesehen.<\/p>\n","protected":false},"featured_media":0,"template":"","product_brand":[],"product_cat":[549],"product_tag":[],"class_list":{"0":"post-40572","1":"product","2":"type-product","3":"status-publish","5":"product_cat-durchflusskontrolle-hydraulikventile","6":"odd","8":"first","9":"instock","10":"shipping-taxable","11":"product-type-simple"},"_links":{"self":[{"href":"https:\/\/contarini.net\/de\/wp-json\/wp\/v2\/product\/40572","targetHints":{"allow":["GET"]}}],"collection":[{"href":"https:\/\/contarini.net\/de\/wp-json\/wp\/v2\/product"}],"about":[{"href":"https:\/\/contarini.net\/de\/wp-json\/wp\/v2\/types\/product"}],"wp:attachment":[{"href":"https:\/\/contarini.net\/de\/wp-json\/wp\/v2\/media?parent=40572"}],"wp:term":[{"taxonomy":"product_brand","embeddable":true,"href":"https:\/\/contarini.net\/de\/wp-json\/wp\/v2\/product_brand?post=40572"},{"taxonomy":"product_cat","embeddable":true,"href":"https:\/\/contarini.net\/de\/wp-json\/wp\/v2\/product_cat?post=40572"},{"taxonomy":"product_tag","embeddable":true,"href":"https:\/\/contarini.net\/de\/wp-json\/wp\/v2\/product_tag?post=40572"}],"curies":[{"name":"wp","href":"https:\/\/api.w.org\/{rel}","templated":true}]}}