{"id":40569,"date":"2016-09-06T17:15:50","date_gmt":"2016-09-06T15:15:50","guid":{"rendered":"https:\/\/contarini.net\/de\/produkt\/bvr01-de\/"},"modified":"2016-09-06T17:15:50","modified_gmt":"2016-09-06T15:15:50","slug":"bvr01-de","status":"publish","type":"product","link":"https:\/\/contarini.net\/de\/produkt\/bvr01-de\/","title":{"rendered":"STROMREGLER F\u00dcR MOTOREN \u201cMPP-MPR-MCP-MCR\u201d TYP &#8222;BVR01&#8220;"},"content":{"rendered":"<p>Der Durchflussregler f\u00fcr Motoren der Serie BVR01 dient der Aufrechterhaltung einer gleichf\u00f6rmigen, festgelegten F\u00f6rdermenge unabh\u00e4ngig vom geforderten Druck und der F\u00f6rdermenge am Ventileinlass. Die \u00fcbersch\u00fcssige Menge wird direkt an den Auslass T (Tank) weitergeleitet. Dieses Ventil ist f\u00fcr eine direkte Befestigung an den Hydraulikmotoren der Serien MPP-MPR-MCP-MCR vorgesehen.<\/p>\n","protected":false},"excerpt":{"rendered":"<p>Der Durchflussregler f\u00fcr Motoren der Serie BVR01 dient der Aufrechterhaltung einer gleichf\u00f6rmigen, festgelegten F\u00f6rdermenge unabh\u00e4ngig vom geforderten Druck und der F\u00f6rdermenge am Ventileinlass. Die \u00fcbersch\u00fcssige Menge wird direkt an den Auslass T (Tank) weitergeleitet. Dieses Ventil ist f\u00fcr eine direkte Befestigung an den Hydraulikmotoren der Serien MPP-MPR-MCP-MCR vorgesehen.<\/p>\n","protected":false},"featured_media":0,"template":"","product_brand":[],"product_cat":[549],"product_tag":[],"class_list":{"0":"post-40569","1":"product","2":"type-product","3":"status-publish","5":"product_cat-durchflusskontrolle-hydraulikventile","6":"odd","8":"first","9":"instock","10":"shipping-taxable","11":"product-type-simple"},"_links":{"self":[{"href":"https:\/\/contarini.net\/de\/wp-json\/wp\/v2\/product\/40569","targetHints":{"allow":["GET"]}}],"collection":[{"href":"https:\/\/contarini.net\/de\/wp-json\/wp\/v2\/product"}],"about":[{"href":"https:\/\/contarini.net\/de\/wp-json\/wp\/v2\/types\/product"}],"wp:attachment":[{"href":"https:\/\/contarini.net\/de\/wp-json\/wp\/v2\/media?parent=40569"}],"wp:term":[{"taxonomy":"product_brand","embeddable":true,"href":"https:\/\/contarini.net\/de\/wp-json\/wp\/v2\/product_brand?post=40569"},{"taxonomy":"product_cat","embeddable":true,"href":"https:\/\/contarini.net\/de\/wp-json\/wp\/v2\/product_cat?post=40569"},{"taxonomy":"product_tag","embeddable":true,"href":"https:\/\/contarini.net\/de\/wp-json\/wp\/v2\/product_tag?post=40569"}],"curies":[{"name":"wp","href":"https:\/\/api.w.org\/{rel}","templated":true}]}}