{"id":40566,"date":"2016-09-06T17:15:49","date_gmt":"2016-09-06T15:15:49","guid":{"rendered":"https:\/\/contarini.net\/de\/produkt\/rfp-3vu-de\/"},"modified":"2016-09-06T17:15:49","modified_gmt":"2016-09-06T15:15:49","slug":"rfp-3vu-de","status":"publish","type":"product","link":"https:\/\/contarini.net\/de\/produkt\/rfp-3vu-de\/","title":{"rendered":"VORZUGSTROMREGLER MIT R\u00dcCKSCHLAGVENTIL TYP RFP 3VU"},"content":{"rendered":"<p>Priorit\u00e4t-Durchflussregler (druckkompensiert) der Serie RFP 3VU wird zum Regeln und Aufrechterhalten einer gleichf\u00f6rmigen F\u00f6rderleistung auch bei Druckschwankungen eingesetzt. Beim Eintritt durch eine \u00d6ffnung wird die \u00fcbersch\u00fcssige Menge am Auslauf abgegeben. Diese Version verf\u00fcgt \u00fcber ein eingebautes R\u00fcckschlagventil.<\/p>\n","protected":false},"excerpt":{"rendered":"<p>Priorit\u00e4t-Durchflussregler (druckkompensiert) der Serie RFP 3VU wird zum Regeln und Aufrechterhalten einer gleichf\u00f6rmigen F\u00f6rderleistung auch bei Druckschwankungen eingesetzt. Beim Eintritt durch eine \u00d6ffnung wird die \u00fcbersch\u00fcssige Menge am Auslauf abgegeben. Diese Version verf\u00fcgt \u00fcber ein eingebautes R\u00fcckschlagventil.<\/p>\n","protected":false},"featured_media":0,"template":"","product_brand":[],"product_cat":[549],"product_tag":[],"class_list":{"0":"post-40566","1":"product","2":"type-product","3":"status-publish","5":"product_cat-durchflusskontrolle-hydraulikventile","6":"odd","8":"first","9":"instock","10":"shipping-taxable","11":"product-type-simple"},"_links":{"self":[{"href":"https:\/\/contarini.net\/de\/wp-json\/wp\/v2\/product\/40566","targetHints":{"allow":["GET"]}}],"collection":[{"href":"https:\/\/contarini.net\/de\/wp-json\/wp\/v2\/product"}],"about":[{"href":"https:\/\/contarini.net\/de\/wp-json\/wp\/v2\/types\/product"}],"wp:attachment":[{"href":"https:\/\/contarini.net\/de\/wp-json\/wp\/v2\/media?parent=40566"}],"wp:term":[{"taxonomy":"product_brand","embeddable":true,"href":"https:\/\/contarini.net\/de\/wp-json\/wp\/v2\/product_brand?post=40566"},{"taxonomy":"product_cat","embeddable":true,"href":"https:\/\/contarini.net\/de\/wp-json\/wp\/v2\/product_cat?post=40566"},{"taxonomy":"product_tag","embeddable":true,"href":"https:\/\/contarini.net\/de\/wp-json\/wp\/v2\/product_tag?post=40566"}],"curies":[{"name":"wp","href":"https:\/\/api.w.org\/{rel}","templated":true}]}}