{"id":40557,"date":"2016-09-06T17:15:45","date_gmt":"2016-09-06T15:15:45","guid":{"rendered":"https:\/\/contarini.net\/de\/produkt\/veq-de\/"},"modified":"2016-09-06T17:15:45","modified_gmt":"2016-09-06T15:15:45","slug":"veq-de","status":"publish","type":"product","link":"https:\/\/contarini.net\/de\/produkt\/veq-de\/","title":{"rendered":"STROMTEILER TYP VEQ"},"content":{"rendered":"<p>Der Stromteiler der Serie VEQ wird verwendet, um den \u00d6lfluss in zwei gleiche Teile zu teilen, w\u00e4hrend er in der entgegengesetzten Richtung unabh\u00e4ngig von der von den Stellantrieben und ihrer Durchflussleistung erzeugten Druck\u00e4nderung wieder vereinigt wird. Je nach gew\u00e4hltem Modell betr\u00e4gt der minimale \u00d6leinlass 1 Liter und maximal 80 Liter.<\/p>\n","protected":false},"excerpt":{"rendered":"<p>Der Stromteiler der Serie VEQ wird verwendet, um den \u00d6lfluss in zwei gleiche Teile zu teilen, w\u00e4hrend er in der entgegengesetzten Richtung unabh\u00e4ngig von der von den Stellantrieben und ihrer Durchflussleistung erzeugten Druck\u00e4nderung wieder vereinigt wird. Je nach gew\u00e4hltem Modell betr\u00e4gt der minimale \u00d6leinlass 1 Liter und maximal 80 Liter.<\/p>\n","protected":false},"featured_media":0,"template":"","product_brand":[],"product_cat":[549],"product_tag":[],"class_list":{"0":"post-40557","1":"product","2":"type-product","3":"status-publish","5":"product_cat-durchflusskontrolle-hydraulikventile","6":"odd","8":"first","9":"instock","10":"shipping-taxable","11":"product-type-simple"},"_links":{"self":[{"href":"https:\/\/contarini.net\/de\/wp-json\/wp\/v2\/product\/40557","targetHints":{"allow":["GET"]}}],"collection":[{"href":"https:\/\/contarini.net\/de\/wp-json\/wp\/v2\/product"}],"about":[{"href":"https:\/\/contarini.net\/de\/wp-json\/wp\/v2\/types\/product"}],"wp:attachment":[{"href":"https:\/\/contarini.net\/de\/wp-json\/wp\/v2\/media?parent=40557"}],"wp:term":[{"taxonomy":"product_brand","embeddable":true,"href":"https:\/\/contarini.net\/de\/wp-json\/wp\/v2\/product_brand?post=40557"},{"taxonomy":"product_cat","embeddable":true,"href":"https:\/\/contarini.net\/de\/wp-json\/wp\/v2\/product_cat?post=40557"},{"taxonomy":"product_tag","embeddable":true,"href":"https:\/\/contarini.net\/de\/wp-json\/wp\/v2\/product_tag?post=40557"}],"curies":[{"name":"wp","href":"https:\/\/api.w.org\/{rel}","templated":true}]}}