{"id":40536,"date":"2016-09-06T17:15:36","date_gmt":"2016-09-06T15:15:36","guid":{"rendered":"https:\/\/contarini.net\/de\/produkt\/vs-de\/"},"modified":"2016-09-06T17:15:37","modified_gmt":"2016-09-06T15:15:37","slug":"vs-de","status":"publish","type":"product","link":"https:\/\/contarini.net\/de\/produkt\/vs-de\/","title":{"rendered":"DROSSELSCHRAUBE TYP VS"},"content":{"rendered":"<p>Die Drosselschraube der Serie VS wird an Stellgliedern wie bidrektionalen Drosselventilen eingesetzt, wenn eine \u201eGrobregulierung\u201c gefordert ist oder wenn die Platzverh\u00e4ltnisse die Montage eines Drosselventils unm\u00f6glich machen. Die Drosselschraube stellt eine kosteng\u00fcnstige L\u00f6sung dar, bietet jedoch nicht die Sicherheit eines Durchfluss-Regelventils.<\/p>\n","protected":false},"excerpt":{"rendered":"<p>Die Drosselschraube der Serie VS wird an Stellgliedern wie bidrektionalen Drosselventilen eingesetzt, wenn eine \u201eGrobregulierung\u201c gefordert ist oder wenn die Platzverh\u00e4ltnisse die Montage eines Drosselventils unm\u00f6glich machen. Die Drosselschraube stellt eine kosteng\u00fcnstige L\u00f6sung dar, bietet jedoch nicht die Sicherheit eines Durchfluss-Regelventils.<\/p>\n","protected":false},"featured_media":0,"template":"","product_brand":[],"product_cat":[549],"product_tag":[],"class_list":{"0":"post-40536","1":"product","2":"type-product","3":"status-publish","5":"product_cat-durchflusskontrolle-hydraulikventile","6":"odd","8":"first","9":"instock","10":"shipping-taxable","11":"product-type-simple"},"_links":{"self":[{"href":"https:\/\/contarini.net\/de\/wp-json\/wp\/v2\/product\/40536","targetHints":{"allow":["GET"]}}],"collection":[{"href":"https:\/\/contarini.net\/de\/wp-json\/wp\/v2\/product"}],"about":[{"href":"https:\/\/contarini.net\/de\/wp-json\/wp\/v2\/types\/product"}],"wp:attachment":[{"href":"https:\/\/contarini.net\/de\/wp-json\/wp\/v2\/media?parent=40536"}],"wp:term":[{"taxonomy":"product_brand","embeddable":true,"href":"https:\/\/contarini.net\/de\/wp-json\/wp\/v2\/product_brand?post=40536"},{"taxonomy":"product_cat","embeddable":true,"href":"https:\/\/contarini.net\/de\/wp-json\/wp\/v2\/product_cat?post=40536"},{"taxonomy":"product_tag","embeddable":true,"href":"https:\/\/contarini.net\/de\/wp-json\/wp\/v2\/product_tag?post=40536"}],"curies":[{"name":"wp","href":"https:\/\/api.w.org\/{rel}","templated":true}]}}