{"id":40527,"date":"2016-09-06T17:15:33","date_gmt":"2016-09-06T15:15:33","guid":{"rendered":"https:\/\/contarini.net\/de\/produkt\/vrfu-90-de\/"},"modified":"2016-09-06T17:15:33","modified_gmt":"2016-09-06T15:15:33","slug":"vrfu-90-de","status":"publish","type":"product","link":"https:\/\/contarini.net\/de\/produkt\/vrfu-90-de\/","title":{"rendered":"STROMREGLER (KEGELSPERRUNG) TYP VRFU 90"},"content":{"rendered":"<p>Der Stromregler (Kegelsperrung) der Serie VRFU 90 wird verwendet, um die Geschwindigkeit eines Stellantriebs in einer Richtung einzustellen und um den freien R\u00fcckfluss in der entgegengesetzten Richtung zu erm\u00f6glichen. Sehr sensible Einstellung, die es erm\u00f6glicht, die Geschwindigkeit auch bei \u00c4nderung des Drucks konstant zu halten.<\/p>\n","protected":false},"excerpt":{"rendered":"<p>Der Stromregler (Kegelsperrung) der Serie VRFU 90 wird verwendet, um die Geschwindigkeit eines Stellantriebs in einer Richtung einzustellen und um den freien R\u00fcckfluss in der entgegengesetzten Richtung zu erm\u00f6glichen. Sehr sensible Einstellung, die es erm\u00f6glicht, die Geschwindigkeit auch bei \u00c4nderung des Drucks konstant zu halten.<\/p>\n","protected":false},"featured_media":0,"template":"","product_brand":[],"product_cat":[549],"product_tag":[],"class_list":{"0":"post-40527","1":"product","2":"type-product","3":"status-publish","5":"product_cat-durchflusskontrolle-hydraulikventile","6":"odd","8":"first","9":"instock","10":"shipping-taxable","11":"product-type-simple"},"_links":{"self":[{"href":"https:\/\/contarini.net\/de\/wp-json\/wp\/v2\/product\/40527","targetHints":{"allow":["GET"]}}],"collection":[{"href":"https:\/\/contarini.net\/de\/wp-json\/wp\/v2\/product"}],"about":[{"href":"https:\/\/contarini.net\/de\/wp-json\/wp\/v2\/types\/product"}],"wp:attachment":[{"href":"https:\/\/contarini.net\/de\/wp-json\/wp\/v2\/media?parent=40527"}],"wp:term":[{"taxonomy":"product_brand","embeddable":true,"href":"https:\/\/contarini.net\/de\/wp-json\/wp\/v2\/product_brand?post=40527"},{"taxonomy":"product_cat","embeddable":true,"href":"https:\/\/contarini.net\/de\/wp-json\/wp\/v2\/product_cat?post=40527"},{"taxonomy":"product_tag","embeddable":true,"href":"https:\/\/contarini.net\/de\/wp-json\/wp\/v2\/product_tag?post=40527"}],"curies":[{"name":"wp","href":"https:\/\/api.w.org\/{rel}","templated":true}]}}