{"id":40503,"date":"2016-09-06T17:15:24","date_gmt":"2016-09-06T15:15:24","guid":{"rendered":"https:\/\/contarini.net\/de\/produkt\/vmda-csv-de\/"},"modified":"2016-09-06T17:15:24","modified_gmt":"2016-09-06T15:15:24","slug":"vmda-csv-de","status":"publish","type":"product","link":"https:\/\/contarini.net\/de\/produkt\/vmda-csv-de\/","title":{"rendered":"SCHOCKVENTIL DOPPELWIRKEND ( TYP DIFFERENTIAL ) + ANTIKAVITATION TYP VMDA-CSV"},"content":{"rendered":"<p>Die doppeltwirkenden Entlastungsventile der Serie VMDA-CSV verf\u00fcgen \u00fcber zwei Druckbegrenzungsventile und werden \u00fcber die Druckdifferenz ausgel\u00f6st. Sie werden zur Druckbegrenzung an beiden Leitungen eines Hydraulikmotors eingesetzt. Wenn die \u00d6ffnungen V und V1 unter Druck gesetzt werden, wird der an diese angeschlossene Abnehmer versorgt und der \u00fcbersch\u00fcssige Druck wird in T abgelassen.Um den H\u00f6chstdruck an den \u00d6ffnungen V einzustellen, auf das Ventil A einwirken. Umgekehrt wird die gleiche Funktion f\u00fcr die \u00d6ffnungen V1 durch Einwirken auf das Ventil B erzielt. Die Einstellung des Drucks ist gegen\u00fcber etwaigen Gegendr\u00fccken an der Entladungsleitung empfindlich. Es muss unbedingt der Eichbereich der Feder eingehalten werden. Die R\u00fcckschlagventile verhindern eine Kavitation, wenn die Rotationslast zu einer Entlastung f\u00fchrt.<br \/>\n Es wird empfohlen, die R\u00fcckschlagventile am Ausgang der Ableitung zu montieren.<\/p>\n","protected":false},"excerpt":{"rendered":"<p>Die doppeltwirkenden Entlastungsventile der Serie VMDA-CSV verf\u00fcgen \u00fcber zwei Druckbegrenzungsventile und werden \u00fcber die Druckdifferenz ausgel\u00f6st. Sie werden zur Druckbegrenzung an beiden Leitungen eines Hydraulikmotors eingesetzt. Wenn die \u00d6ffnungen V und V1 unter Druck gesetzt werden, wird der an diese angeschlossene Abnehmer versorgt und der \u00fcbersch\u00fcssige Druck wird in T abgelassen.Um den H\u00f6chstdruck an den \u00d6ffnungen V einzustellen, auf das [&hellip;]<\/p>\n","protected":false},"featured_media":0,"template":"","product_brand":[],"product_cat":[546],"product_tag":[],"class_list":{"0":"post-40503","1":"product","2":"type-product","3":"status-publish","5":"product_cat-druckkontrolle-hydraulikventile","6":"odd","8":"first","9":"instock","10":"shipping-taxable","11":"product-type-simple"},"_links":{"self":[{"href":"https:\/\/contarini.net\/de\/wp-json\/wp\/v2\/product\/40503","targetHints":{"allow":["GET"]}}],"collection":[{"href":"https:\/\/contarini.net\/de\/wp-json\/wp\/v2\/product"}],"about":[{"href":"https:\/\/contarini.net\/de\/wp-json\/wp\/v2\/types\/product"}],"wp:attachment":[{"href":"https:\/\/contarini.net\/de\/wp-json\/wp\/v2\/media?parent=40503"}],"wp:term":[{"taxonomy":"product_brand","embeddable":true,"href":"https:\/\/contarini.net\/de\/wp-json\/wp\/v2\/product_brand?post=40503"},{"taxonomy":"product_cat","embeddable":true,"href":"https:\/\/contarini.net\/de\/wp-json\/wp\/v2\/product_cat?post=40503"},{"taxonomy":"product_tag","embeddable":true,"href":"https:\/\/contarini.net\/de\/wp-json\/wp\/v2\/product_tag?post=40503"}],"curies":[{"name":"wp","href":"https:\/\/api.w.org\/{rel}","templated":true}]}}