{"id":40500,"date":"2016-09-06T17:15:23","date_gmt":"2016-09-06T15:15:23","guid":{"rendered":"https:\/\/contarini.net\/de\/produkt\/vbdc-80-de\/"},"modified":"2016-09-06T17:15:23","modified_gmt":"2016-09-06T15:15:23","slug":"vbdc-80-de","status":"publish","type":"product","link":"https:\/\/contarini.net\/de\/produkt\/vbdc-80-de\/","title":{"rendered":"SCHOCKVENTIL DOPPELWIRKEND TYP VBDC 80"},"content":{"rendered":"<p>Die doppeltwirkenden Entlastungsventile der Serie VBDC 80 verf\u00fcgen \u00fcber zwei Druckbegrenzungsventile mit direkter Ausl\u00f6sung und werden zu Druckbegrenzung an beiden Verbindungslinien eingesetzt.  Wenn die \u00d6ffnung V unter Druck gesetzt wird, die der an diese angeschlossene Abnehmer versorgt und der \u00fcbersch\u00fcssige Druck wird \u00fcber die \u00d6ffnung V1 abgelassen. Um den H\u00f6chstdruck an den \u00d6ffnungen V einzustellen, auf das Ventil A einwirken. Umgekehrt wird die gleiche Funktion f\u00fcr die \u00d6ffnungen V1 durch Einwirken auf das Ventil B erzielt. Die Einstellung des Drucks ist gegen\u00fcber etwaigen Gegendr\u00fccken an der Entladungsleitung empfindlich. Es muss unbedingt im Eichbereich der Feder verblieben werden.<\/p>\n","protected":false},"excerpt":{"rendered":"<p>Die doppeltwirkenden Entlastungsventile der Serie VBDC 80 verf\u00fcgen \u00fcber zwei Druckbegrenzungsventile mit direkter Ausl\u00f6sung und werden zu Druckbegrenzung an beiden Verbindungslinien eingesetzt. Wenn die \u00d6ffnung V unter Druck gesetzt wird, die der an diese angeschlossene Abnehmer versorgt und der \u00fcbersch\u00fcssige Druck wird \u00fcber die \u00d6ffnung V1 abgelassen. Um den H\u00f6chstdruck an den \u00d6ffnungen V einzustellen, auf das Ventil A einwirken. [&hellip;]<\/p>\n","protected":false},"featured_media":0,"template":"","product_brand":[],"product_cat":[546],"product_tag":[],"class_list":{"0":"post-40500","1":"product","2":"type-product","3":"status-publish","5":"product_cat-druckkontrolle-hydraulikventile","6":"odd","8":"first","9":"instock","10":"shipping-taxable","11":"product-type-simple"},"_links":{"self":[{"href":"https:\/\/contarini.net\/de\/wp-json\/wp\/v2\/product\/40500","targetHints":{"allow":["GET"]}}],"collection":[{"href":"https:\/\/contarini.net\/de\/wp-json\/wp\/v2\/product"}],"about":[{"href":"https:\/\/contarini.net\/de\/wp-json\/wp\/v2\/types\/product"}],"wp:attachment":[{"href":"https:\/\/contarini.net\/de\/wp-json\/wp\/v2\/media?parent=40500"}],"wp:term":[{"taxonomy":"product_brand","embeddable":true,"href":"https:\/\/contarini.net\/de\/wp-json\/wp\/v2\/product_brand?post=40500"},{"taxonomy":"product_cat","embeddable":true,"href":"https:\/\/contarini.net\/de\/wp-json\/wp\/v2\/product_cat?post=40500"},{"taxonomy":"product_tag","embeddable":true,"href":"https:\/\/contarini.net\/de\/wp-json\/wp\/v2\/product_tag?post=40500"}],"curies":[{"name":"wp","href":"https:\/\/api.w.org\/{rel}","templated":true}]}}