{"id":40485,"date":"2016-09-06T17:15:18","date_gmt":"2016-09-06T15:15:18","guid":{"rendered":"https:\/\/contarini.net\/de\/produkt\/vrp-de\/"},"modified":"2016-09-06T17:15:18","modified_gmt":"2016-09-06T15:15:18","slug":"vrp-de","status":"publish","type":"product","link":"https:\/\/contarini.net\/de\/produkt\/vrp-de\/","title":{"rendered":"DRUCKMINDERVENTIL TYP VRP"},"content":{"rendered":"<p>Das Druckminderventil der Serie VRP dient der Aufrechterhaltung eines gleichm\u00e4\u00dfigen Drucks nach dem Ventil, unabh\u00e4ngig vom Druck vor dem Ventil. K\u00f6rper: Verzinkter Stahl. Innere Bauteile: Thermisch geh\u00e4rteter, geschliffener Stahl.Dichtungen: BUNA N Standard.  Drosselung: 70 cc\/min (bei 350 bar am Einlass P).<\/p>\n","protected":false},"excerpt":{"rendered":"<p>Das Druckminderventil der Serie VRP dient der Aufrechterhaltung eines gleichm\u00e4\u00dfigen Drucks nach dem Ventil, unabh\u00e4ngig vom Druck vor dem Ventil. K\u00f6rper: Verzinkter Stahl. Innere Bauteile: Thermisch geh\u00e4rteter, geschliffener Stahl.Dichtungen: BUNA N Standard. Drosselung: 70 cc\/min (bei 350 bar am Einlass P).<\/p>\n","protected":false},"featured_media":0,"template":"","product_brand":[],"product_cat":[546],"product_tag":[],"class_list":{"0":"post-40485","1":"product","2":"type-product","3":"status-publish","5":"product_cat-druckkontrolle-hydraulikventile","6":"odd","8":"first","9":"instock","10":"shipping-taxable","11":"product-type-simple"},"_links":{"self":[{"href":"https:\/\/contarini.net\/de\/wp-json\/wp\/v2\/product\/40485","targetHints":{"allow":["GET"]}}],"collection":[{"href":"https:\/\/contarini.net\/de\/wp-json\/wp\/v2\/product"}],"about":[{"href":"https:\/\/contarini.net\/de\/wp-json\/wp\/v2\/types\/product"}],"wp:attachment":[{"href":"https:\/\/contarini.net\/de\/wp-json\/wp\/v2\/media?parent=40485"}],"wp:term":[{"taxonomy":"product_brand","embeddable":true,"href":"https:\/\/contarini.net\/de\/wp-json\/wp\/v2\/product_brand?post=40485"},{"taxonomy":"product_cat","embeddable":true,"href":"https:\/\/contarini.net\/de\/wp-json\/wp\/v2\/product_cat?post=40485"},{"taxonomy":"product_tag","embeddable":true,"href":"https:\/\/contarini.net\/de\/wp-json\/wp\/v2\/product_tag?post=40485"}],"curies":[{"name":"wp","href":"https:\/\/api.w.org\/{rel}","templated":true}]}}