{"id":40482,"date":"2016-09-06T17:15:17","date_gmt":"2016-09-06T15:15:17","guid":{"rendered":"https:\/\/contarini.net\/de\/produkt\/vsq-app-de\/"},"modified":"2016-09-06T17:15:17","modified_gmt":"2016-09-06T15:15:17","slug":"vsq-app-de","status":"publish","type":"product","link":"https:\/\/contarini.net\/de\/produkt\/vsq-app-de\/","title":{"rendered":"DRUCKFOLGEVENTIL MIT NULLSTELLUNG DES PRIM\u00c4RDRUCKS TYP VSQ-APP"},"content":{"rendered":"<p>Das Druckfolgeventil mit Nullstellung des Prim\u00e4rdrucks der Serie VSQ-APP wird haupts\u00e4chlich verwendet, um zwei Zylinder in Abfolge funktionieren zu lassen: Bei Erreichen eines bestimmten Eichwertes \u00f6ffnet sich das Ventil und versorgt den zweiten Stellantrieb. Das R\u00fcckschlagventil erm\u00f6glicht den freien Durchfluss in entgegengesetzter Richtung. Es ist f\u00fcr Anlagen angezeigt, wo der Druck auf dem Nebenstellantrieb begrenzt ist, da sich die Drucke summieren.<\/p>\n","protected":false},"excerpt":{"rendered":"<p>Das Druckfolgeventil mit Nullstellung des Prim\u00e4rdrucks der Serie VSQ-APP wird haupts\u00e4chlich verwendet, um zwei Zylinder in Abfolge funktionieren zu lassen: Bei Erreichen eines bestimmten Eichwertes \u00f6ffnet sich das Ventil und versorgt den zweiten Stellantrieb. Das R\u00fcckschlagventil erm\u00f6glicht den freien Durchfluss in entgegengesetzter Richtung. Es ist f\u00fcr Anlagen angezeigt, wo der Druck auf dem Nebenstellantrieb begrenzt ist, da sich die Drucke [&hellip;]<\/p>\n","protected":false},"featured_media":0,"template":"","product_brand":[],"product_cat":[546],"product_tag":[],"class_list":{"0":"post-40482","1":"product","2":"type-product","3":"status-publish","5":"product_cat-druckkontrolle-hydraulikventile","6":"odd","8":"first","9":"instock","10":"shipping-taxable","11":"product-type-simple"},"_links":{"self":[{"href":"https:\/\/contarini.net\/de\/wp-json\/wp\/v2\/product\/40482","targetHints":{"allow":["GET"]}}],"collection":[{"href":"https:\/\/contarini.net\/de\/wp-json\/wp\/v2\/product"}],"about":[{"href":"https:\/\/contarini.net\/de\/wp-json\/wp\/v2\/types\/product"}],"wp:attachment":[{"href":"https:\/\/contarini.net\/de\/wp-json\/wp\/v2\/media?parent=40482"}],"wp:term":[{"taxonomy":"product_brand","embeddable":true,"href":"https:\/\/contarini.net\/de\/wp-json\/wp\/v2\/product_brand?post=40482"},{"taxonomy":"product_cat","embeddable":true,"href":"https:\/\/contarini.net\/de\/wp-json\/wp\/v2\/product_cat?post=40482"},{"taxonomy":"product_tag","embeddable":true,"href":"https:\/\/contarini.net\/de\/wp-json\/wp\/v2\/product_tag?post=40482"}],"curies":[{"name":"wp","href":"https:\/\/api.w.org\/{rel}","templated":true}]}}