{"id":40479,"date":"2016-09-06T17:15:16","date_gmt":"2016-09-06T15:15:16","guid":{"rendered":"https:\/\/contarini.net\/de\/produkt\/vs2c-de\/"},"modified":"2016-09-06T17:15:16","modified_gmt":"2016-09-06T15:15:16","slug":"vs2c-de","status":"publish","type":"product","link":"https:\/\/contarini.net\/de\/produkt\/vs2c-de\/","title":{"rendered":"DRUCKFOLGEVENTIL TYP VS2C"},"content":{"rendered":"<p>Das Druckfolgeventil der Serie VS2C wird haupts\u00e4chlich verwendet, um zwei Zylinder in Abfolge funktionieren zu lassen: Bei Erreichen eines bestimmten Eichwertes \u00f6ffnet sich das Ventil und versorgt den zweiten Stellantrieb. Das R\u00fcckschlagventil erm\u00f6glicht den freien Durchfluss in entgegengesetzter Richtung. Es ist f\u00fcr Anlagen angezeigt, wo der Druck auf dem Nebenstellantrieb begrenzt ist, da sich die Drucke summieren.<\/p>\n","protected":false},"excerpt":{"rendered":"<p>Das Druckfolgeventil der Serie VS2C wird haupts\u00e4chlich verwendet, um zwei Zylinder in Abfolge funktionieren zu lassen: Bei Erreichen eines bestimmten Eichwertes \u00f6ffnet sich das Ventil und versorgt den zweiten Stellantrieb. Das R\u00fcckschlagventil erm\u00f6glicht den freien Durchfluss in entgegengesetzter Richtung. Es ist f\u00fcr Anlagen angezeigt, wo der Druck auf dem Nebenstellantrieb begrenzt ist, da sich die Drucke summieren.<\/p>\n","protected":false},"featured_media":0,"template":"","product_brand":[],"product_cat":[546],"product_tag":[],"class_list":{"0":"post-40479","1":"product","2":"type-product","3":"status-publish","5":"product_cat-druckkontrolle-hydraulikventile","6":"odd","8":"first","9":"instock","10":"shipping-taxable","11":"product-type-simple"},"_links":{"self":[{"href":"https:\/\/contarini.net\/de\/wp-json\/wp\/v2\/product\/40479","targetHints":{"allow":["GET"]}}],"collection":[{"href":"https:\/\/contarini.net\/de\/wp-json\/wp\/v2\/product"}],"about":[{"href":"https:\/\/contarini.net\/de\/wp-json\/wp\/v2\/types\/product"}],"wp:attachment":[{"href":"https:\/\/contarini.net\/de\/wp-json\/wp\/v2\/media?parent=40479"}],"wp:term":[{"taxonomy":"product_brand","embeddable":true,"href":"https:\/\/contarini.net\/de\/wp-json\/wp\/v2\/product_brand?post=40479"},{"taxonomy":"product_cat","embeddable":true,"href":"https:\/\/contarini.net\/de\/wp-json\/wp\/v2\/product_cat?post=40479"},{"taxonomy":"product_tag","embeddable":true,"href":"https:\/\/contarini.net\/de\/wp-json\/wp\/v2\/product_tag?post=40479"}],"curies":[{"name":"wp","href":"https:\/\/api.w.org\/{rel}","templated":true}]}}