{"id":40476,"date":"2016-09-06T17:15:15","date_gmt":"2016-09-06T15:15:15","guid":{"rendered":"https:\/\/contarini.net\/de\/produkt\/vep-flp-de\/"},"modified":"2016-09-06T17:15:16","modified_gmt":"2016-09-06T15:15:16","slug":"vep-flp-de","status":"publish","type":"product","link":"https:\/\/contarini.net\/de\/produkt\/vep-flp-de\/","title":{"rendered":"ABSCHALTVENTIL &#8211; NIEDERDRUCK TYP VEP-FLP"},"content":{"rendered":"<p>Das NIEDERDRUCK-Absperrventil der Serie VEP-FPL wird eingesetzt, wenn ein Kreislauf von zwei parallelen Pumpen versorgt wird. Das Ventil l\u00f6st die Entladung der Pumpe mit der gr\u00f6\u00dferen F\u00f6rdermenge aus (niedriger Druck), wenn ein eingestellter Eichwert erreicht wird. Von diesem Moment an arbeitet das Stellglied mit der Pumpe mit der geringeren F\u00f6rdermenge und dem h\u00f6heren Druck und es wird weniger Energie verbraucht. Es wurde speziell f\u00fcr den direkten Flansch an der Niederdruckpumpe entwickelt. Um den Hochdruck zu regulieren, ein Sperrventil in die Leitung einbauen oder das Sperrventil am Verteiler anordnen.<\/p>\n","protected":false},"excerpt":{"rendered":"<p>Das NIEDERDRUCK-Absperrventil der Serie VEP-FPL wird eingesetzt, wenn ein Kreislauf von zwei parallelen Pumpen versorgt wird. Das Ventil l\u00f6st die Entladung der Pumpe mit der gr\u00f6\u00dferen F\u00f6rdermenge aus (niedriger Druck), wenn ein eingestellter Eichwert erreicht wird. Von diesem Moment an arbeitet das Stellglied mit der Pumpe mit der geringeren F\u00f6rdermenge und dem h\u00f6heren Druck und es wird weniger Energie verbraucht. [&hellip;]<\/p>\n","protected":false},"featured_media":0,"template":"","product_brand":[],"product_cat":[546],"product_tag":[],"class_list":{"0":"post-40476","1":"product","2":"type-product","3":"status-publish","5":"product_cat-druckkontrolle-hydraulikventile","6":"odd","8":"first","9":"instock","10":"shipping-taxable","11":"product-type-simple"},"_links":{"self":[{"href":"https:\/\/contarini.net\/de\/wp-json\/wp\/v2\/product\/40476","targetHints":{"allow":["GET"]}}],"collection":[{"href":"https:\/\/contarini.net\/de\/wp-json\/wp\/v2\/product"}],"about":[{"href":"https:\/\/contarini.net\/de\/wp-json\/wp\/v2\/types\/product"}],"wp:attachment":[{"href":"https:\/\/contarini.net\/de\/wp-json\/wp\/v2\/media?parent=40476"}],"wp:term":[{"taxonomy":"product_brand","embeddable":true,"href":"https:\/\/contarini.net\/de\/wp-json\/wp\/v2\/product_brand?post=40476"},{"taxonomy":"product_cat","embeddable":true,"href":"https:\/\/contarini.net\/de\/wp-json\/wp\/v2\/product_cat?post=40476"},{"taxonomy":"product_tag","embeddable":true,"href":"https:\/\/contarini.net\/de\/wp-json\/wp\/v2\/product_tag?post=40476"}],"curies":[{"name":"wp","href":"https:\/\/api.w.org\/{rel}","templated":true}]}}