{"id":40467,"date":"2016-09-06T17:15:13","date_gmt":"2016-09-06T15:15:13","guid":{"rendered":"https:\/\/contarini.net\/de\/produkt\/vmpp-de\/"},"modified":"2016-09-06T17:15:13","modified_gmt":"2016-09-06T15:15:13","slug":"vmpp-de","status":"publish","type":"product","link":"https:\/\/contarini.net\/de\/produkt\/vmpp-de\/","title":{"rendered":"DRUCKBEGRENZUNGSVENTIL ( TYP DIFFERENTIAL )TYP VMPP"},"content":{"rendered":"<p>Das Druckbegrenzungsventil der Serie VMPP wird verwendet, um den Druck eines Hydraulikkreislaufs auf einen bestimmten Eichwert zu begrenzen. Beim Erreichen dieses Wertes \u00f6ffnet sich das Ventil uns l\u00e4sst den Druck ab, damit dieser nicht \u00fcber den Eichwert ansteigt. Dieses Differenzialventil ist bei der \u00d6ffnung ein wenig langsamer, bleibt aber bei der \u00c4nderung der Pumpleistung konstanter bei der Eichung.<\/p>\n","protected":false},"excerpt":{"rendered":"<p>Das Druckbegrenzungsventil der Serie VMPP wird verwendet, um den Druck eines Hydraulikkreislaufs auf einen bestimmten Eichwert zu begrenzen. Beim Erreichen dieses Wertes \u00f6ffnet sich das Ventil uns l\u00e4sst den Druck ab, damit dieser nicht \u00fcber den Eichwert ansteigt. Dieses Differenzialventil ist bei der \u00d6ffnung ein wenig langsamer, bleibt aber bei der \u00c4nderung der Pumpleistung konstanter bei der Eichung.<\/p>\n","protected":false},"featured_media":0,"template":"","product_brand":[],"product_cat":[546],"product_tag":[],"class_list":{"0":"post-40467","1":"product","2":"type-product","3":"status-publish","5":"product_cat-druckkontrolle-hydraulikventile","6":"odd","8":"first","9":"instock","10":"shipping-taxable","11":"product-type-simple"},"_links":{"self":[{"href":"https:\/\/contarini.net\/de\/wp-json\/wp\/v2\/product\/40467","targetHints":{"allow":["GET"]}}],"collection":[{"href":"https:\/\/contarini.net\/de\/wp-json\/wp\/v2\/product"}],"about":[{"href":"https:\/\/contarini.net\/de\/wp-json\/wp\/v2\/types\/product"}],"wp:attachment":[{"href":"https:\/\/contarini.net\/de\/wp-json\/wp\/v2\/media?parent=40467"}],"wp:term":[{"taxonomy":"product_brand","embeddable":true,"href":"https:\/\/contarini.net\/de\/wp-json\/wp\/v2\/product_brand?post=40467"},{"taxonomy":"product_cat","embeddable":true,"href":"https:\/\/contarini.net\/de\/wp-json\/wp\/v2\/product_cat?post=40467"},{"taxonomy":"product_tag","embeddable":true,"href":"https:\/\/contarini.net\/de\/wp-json\/wp\/v2\/product_tag?post=40467"}],"curies":[{"name":"wp","href":"https:\/\/api.w.org\/{rel}","templated":true}]}}