{"id":40461,"date":"2016-09-06T17:15:11","date_gmt":"2016-09-06T15:15:11","guid":{"rendered":"https:\/\/contarini.net\/de\/produkt\/vmpl-de\/"},"modified":"2016-09-06T17:15:11","modified_gmt":"2016-09-06T15:15:11","slug":"vmpl-de","status":"publish","type":"product","link":"https:\/\/contarini.net\/de\/produkt\/vmpl-de\/","title":{"rendered":"DRUCKBEGRENZUNGSVENTIL TYP VMP\/L"},"content":{"rendered":"<p>Das Druckbegrenzungsventil der Serie VMP\/L wird verwendet, um den Druck eines Hydraulikkreislaufs auf einen bestimmten Eichwert zu begrenzen. Beim Erreichen dieses Wertes \u00f6ffnet sich das Ventil uns l\u00e4sst den Druck ab, damit dieser nicht \u00fcber den Eichwert ansteigt.<\/p>\n","protected":false},"excerpt":{"rendered":"<p>Das Druckbegrenzungsventil der Serie VMP\/L wird verwendet, um den Druck eines Hydraulikkreislaufs auf einen bestimmten Eichwert zu begrenzen. Beim Erreichen dieses Wertes \u00f6ffnet sich das Ventil uns l\u00e4sst den Druck ab, damit dieser nicht \u00fcber den Eichwert ansteigt.<\/p>\n","protected":false},"featured_media":0,"template":"","product_brand":[],"product_cat":[546],"product_tag":[],"class_list":{"0":"post-40461","1":"product","2":"type-product","3":"status-publish","5":"product_cat-druckkontrolle-hydraulikventile","6":"odd","8":"first","9":"instock","10":"shipping-taxable","11":"product-type-simple"},"_links":{"self":[{"href":"https:\/\/contarini.net\/de\/wp-json\/wp\/v2\/product\/40461","targetHints":{"allow":["GET"]}}],"collection":[{"href":"https:\/\/contarini.net\/de\/wp-json\/wp\/v2\/product"}],"about":[{"href":"https:\/\/contarini.net\/de\/wp-json\/wp\/v2\/types\/product"}],"wp:attachment":[{"href":"https:\/\/contarini.net\/de\/wp-json\/wp\/v2\/media?parent=40461"}],"wp:term":[{"taxonomy":"product_brand","embeddable":true,"href":"https:\/\/contarini.net\/de\/wp-json\/wp\/v2\/product_brand?post=40461"},{"taxonomy":"product_cat","embeddable":true,"href":"https:\/\/contarini.net\/de\/wp-json\/wp\/v2\/product_cat?post=40461"},{"taxonomy":"product_tag","embeddable":true,"href":"https:\/\/contarini.net\/de\/wp-json\/wp\/v2\/product_tag?post=40461"}],"curies":[{"name":"wp","href":"https:\/\/api.w.org\/{rel}","templated":true}]}}