{"id":40458,"date":"2016-09-06T17:15:10","date_gmt":"2016-09-06T15:15:10","guid":{"rendered":"https:\/\/contarini.net\/de\/produkt\/vmdc-150-de\/"},"modified":"2016-09-06T17:15:10","modified_gmt":"2016-09-06T15:15:10","slug":"vmdc-150-de","status":"publish","type":"product","link":"https:\/\/contarini.net\/de\/produkt\/vmdc-150-de\/","title":{"rendered":"DRUCKBEGRENZUNGSVENTIL  &#8211; TYP PATRONE &#8211; TYP VMDC 150"},"content":{"rendered":"<p>Die Druckbegrenzungsventile der Serie VMDC150 werden zum Begrenzen des Drucks auf einen gew\u00fcnschten Wert eingesetzt. Mit ihrer Hilfe wird der \u00fcbersch\u00fcssige Druck im Tank abgelassen. Sie sind handlich und deshalb f\u00fcr die Montage in einer Aussparung oder die Integration in Bl\u00f6cke geeignet. Das Ventil reagiert auf die Druckdifferenz.<\/p>\n","protected":false},"excerpt":{"rendered":"<p>Die Druckbegrenzungsventile der Serie VMDC150 werden zum Begrenzen des Drucks auf einen gew\u00fcnschten Wert eingesetzt. Mit ihrer Hilfe wird der \u00fcbersch\u00fcssige Druck im Tank abgelassen. Sie sind handlich und deshalb f\u00fcr die Montage in einer Aussparung oder die Integration in Bl\u00f6cke geeignet. Das Ventil reagiert auf die Druckdifferenz.<\/p>\n","protected":false},"featured_media":0,"template":"","product_brand":[],"product_cat":[546],"product_tag":[],"class_list":{"0":"post-40458","1":"product","2":"type-product","3":"status-publish","5":"product_cat-druckkontrolle-hydraulikventile","6":"odd","8":"first","9":"instock","10":"shipping-taxable","11":"product-type-simple"},"_links":{"self":[{"href":"https:\/\/contarini.net\/de\/wp-json\/wp\/v2\/product\/40458","targetHints":{"allow":["GET"]}}],"collection":[{"href":"https:\/\/contarini.net\/de\/wp-json\/wp\/v2\/product"}],"about":[{"href":"https:\/\/contarini.net\/de\/wp-json\/wp\/v2\/types\/product"}],"wp:attachment":[{"href":"https:\/\/contarini.net\/de\/wp-json\/wp\/v2\/media?parent=40458"}],"wp:term":[{"taxonomy":"product_brand","embeddable":true,"href":"https:\/\/contarini.net\/de\/wp-json\/wp\/v2\/product_brand?post=40458"},{"taxonomy":"product_cat","embeddable":true,"href":"https:\/\/contarini.net\/de\/wp-json\/wp\/v2\/product_cat?post=40458"},{"taxonomy":"product_tag","embeddable":true,"href":"https:\/\/contarini.net\/de\/wp-json\/wp\/v2\/product_tag?post=40458"}],"curies":[{"name":"wp","href":"https:\/\/api.w.org\/{rel}","templated":true}]}}