{"id":40455,"date":"2016-09-06T17:15:09","date_gmt":"2016-09-06T15:15:09","guid":{"rendered":"https:\/\/contarini.net\/de\/produkt\/vmdc-80-de\/"},"modified":"2016-09-06T17:15:10","modified_gmt":"2016-09-06T15:15:10","slug":"vmdc-80-de","status":"publish","type":"product","link":"https:\/\/contarini.net\/de\/produkt\/vmdc-80-de\/","title":{"rendered":"DRUCKBEGRENZUNGSVENTIL &#8211; TYP PATRONE &#8211; TYP VMDC 80"},"content":{"rendered":"<p>Die Druckbegrenzungsventile der Serie VMDC80 werden verwendet, um den Druck innerhalb des gew\u00fcnschten Wertes zu begrenzen und um den Abfluss der \u00fcbersch\u00fcssigen Pumpleistung zum Tank zu erm\u00f6glichen. Durch ihre Zweckm\u00e4\u00dfigkeit sind sie ideal f\u00fcr die Montage in eigens daf\u00fcr vorgesehenen Vertiefungen oder f\u00fcr die Verwendung in integrierten Bl\u00f6cken. Das Ventil ist direkt wirkenden Typs.<\/p>\n","protected":false},"excerpt":{"rendered":"<p>Die Druckbegrenzungsventile der Serie VMDC80 werden verwendet, um den Druck innerhalb des gew\u00fcnschten Wertes zu begrenzen und um den Abfluss der \u00fcbersch\u00fcssigen Pumpleistung zum Tank zu erm\u00f6glichen. Durch ihre Zweckm\u00e4\u00dfigkeit sind sie ideal f\u00fcr die Montage in eigens daf\u00fcr vorgesehenen Vertiefungen oder f\u00fcr die Verwendung in integrierten Bl\u00f6cken. Das Ventil ist direkt wirkenden Typs.<\/p>\n","protected":false},"featured_media":0,"template":"","product_brand":[],"product_cat":[546],"product_tag":[],"class_list":{"0":"post-40455","1":"product","2":"type-product","3":"status-publish","5":"product_cat-druckkontrolle-hydraulikventile","6":"odd","8":"first","9":"instock","10":"shipping-taxable","11":"product-type-simple"},"_links":{"self":[{"href":"https:\/\/contarini.net\/de\/wp-json\/wp\/v2\/product\/40455","targetHints":{"allow":["GET"]}}],"collection":[{"href":"https:\/\/contarini.net\/de\/wp-json\/wp\/v2\/product"}],"about":[{"href":"https:\/\/contarini.net\/de\/wp-json\/wp\/v2\/types\/product"}],"wp:attachment":[{"href":"https:\/\/contarini.net\/de\/wp-json\/wp\/v2\/media?parent=40455"}],"wp:term":[{"taxonomy":"product_brand","embeddable":true,"href":"https:\/\/contarini.net\/de\/wp-json\/wp\/v2\/product_brand?post=40455"},{"taxonomy":"product_cat","embeddable":true,"href":"https:\/\/contarini.net\/de\/wp-json\/wp\/v2\/product_cat?post=40455"},{"taxonomy":"product_tag","embeddable":true,"href":"https:\/\/contarini.net\/de\/wp-json\/wp\/v2\/product_tag?post=40455"}],"curies":[{"name":"wp","href":"https:\/\/api.w.org\/{rel}","templated":true}]}}