{"id":40443,"date":"2016-09-06T17:14:56","date_gmt":"2016-09-06T15:14:56","guid":{"rendered":"https:\/\/contarini.net\/de\/produkt\/vmd-80-de\/"},"modified":"2016-09-06T17:14:56","modified_gmt":"2016-09-06T15:14:56","slug":"vmd-80-de","status":"publish","type":"product","link":"https:\/\/contarini.net\/de\/produkt\/vmd-80-de\/","title":{"rendered":"DRUCKBEGRENZUNGSVENTIL TYP VMD 80"},"content":{"rendered":"<p>Die Druckbegrenzungsventile der Serie VMD80 werden verwendet, um den Druck innerhalb des gew\u00fcnschten Wertes zu begrenzen und um den Abfluss der \u00fcbersch\u00fcssigen Pumpleistung zum Tank zu erm\u00f6glichen. Das Ventil ist direkt wirkenden Typs.<\/p>\n","protected":false},"excerpt":{"rendered":"<p>Die Druckbegrenzungsventile der Serie VMD80 werden verwendet, um den Druck innerhalb des gew\u00fcnschten Wertes zu begrenzen und um den Abfluss der \u00fcbersch\u00fcssigen Pumpleistung zum Tank zu erm\u00f6glichen. Das Ventil ist direkt wirkenden Typs.<\/p>\n","protected":false},"featured_media":0,"template":"","product_brand":[],"product_cat":[546],"product_tag":[],"class_list":{"0":"post-40443","1":"product","2":"type-product","3":"status-publish","5":"product_cat-druckkontrolle-hydraulikventile","6":"odd","8":"first","9":"instock","10":"shipping-taxable","11":"product-type-simple"},"_links":{"self":[{"href":"https:\/\/contarini.net\/de\/wp-json\/wp\/v2\/product\/40443","targetHints":{"allow":["GET"]}}],"collection":[{"href":"https:\/\/contarini.net\/de\/wp-json\/wp\/v2\/product"}],"about":[{"href":"https:\/\/contarini.net\/de\/wp-json\/wp\/v2\/types\/product"}],"wp:attachment":[{"href":"https:\/\/contarini.net\/de\/wp-json\/wp\/v2\/media?parent=40443"}],"wp:term":[{"taxonomy":"product_brand","embeddable":true,"href":"https:\/\/contarini.net\/de\/wp-json\/wp\/v2\/product_brand?post=40443"},{"taxonomy":"product_cat","embeddable":true,"href":"https:\/\/contarini.net\/de\/wp-json\/wp\/v2\/product_cat?post=40443"},{"taxonomy":"product_tag","embeddable":true,"href":"https:\/\/contarini.net\/de\/wp-json\/wp\/v2\/product_tag?post=40443"}],"curies":[{"name":"wp","href":"https:\/\/api.w.org\/{rel}","templated":true}]}}