{"id":40419,"date":"2016-09-06T17:14:46","date_gmt":"2016-09-06T15:14:46","guid":{"rendered":"https:\/\/contarini.net\/de\/produkt\/df1-st-de\/"},"modified":"2016-09-06T17:14:47","modified_gmt":"2016-09-06T15:14:47","slug":"df1-st-de","status":"publish","type":"product","link":"https:\/\/contarini.net\/de\/produkt\/df1-st-de\/","title":{"rendered":"ZAHNRADMENGENTEILER STANDARDTYP&#8220;DF1-ST&#8220;"},"content":{"rendered":"<p>Die Zahnradmengenteiler der Serie DF1 \/ 2-ST stellen eine neue Reihe an Zahnradmengenteilern dar. Sie sind die Antwort auf die Marktanforderungen, denen wir jeden Tag mit einer Erweiterung unseres Produktangebots entgegentreten. Der Mengenteiler DF1 \/ 2-ST ist mit einem K\u00f6rper und Flansch aus Aluminium, einem Hubraum von 0,9 bis 26 cm3 und auf Anfrage mit Sperrventil f\u00fcr die Synchronisierung der Stellglieder erh\u00e4ltlich.<\/p>\n","protected":false},"excerpt":{"rendered":"<p>Die Zahnradmengenteiler der Serie DF1 \/ 2-ST stellen eine neue Reihe an Zahnradmengenteilern dar. Sie sind die Antwort auf die Marktanforderungen, denen wir jeden Tag mit einer Erweiterung unseres Produktangebots entgegentreten. Der Mengenteiler DF1 \/ 2-ST ist mit einem K\u00f6rper und Flansch aus Aluminium, einem Hubraum von 0,9 bis 26 cm3 und auf Anfrage mit Sperrventil f\u00fcr die Synchronisierung der [&hellip;]<\/p>\n","protected":false},"featured_media":0,"template":"","product_brand":[],"product_cat":[543],"product_tag":[],"class_list":{"0":"post-40419","1":"product","2":"type-product","3":"status-publish","5":"product_cat-zahnradmengenteiler","6":"odd","8":"first","9":"instock","10":"shipping-taxable","11":"product-type-simple"},"_links":{"self":[{"href":"https:\/\/contarini.net\/de\/wp-json\/wp\/v2\/product\/40419","targetHints":{"allow":["GET"]}}],"collection":[{"href":"https:\/\/contarini.net\/de\/wp-json\/wp\/v2\/product"}],"about":[{"href":"https:\/\/contarini.net\/de\/wp-json\/wp\/v2\/types\/product"}],"wp:attachment":[{"href":"https:\/\/contarini.net\/de\/wp-json\/wp\/v2\/media?parent=40419"}],"wp:term":[{"taxonomy":"product_brand","embeddable":true,"href":"https:\/\/contarini.net\/de\/wp-json\/wp\/v2\/product_brand?post=40419"},{"taxonomy":"product_cat","embeddable":true,"href":"https:\/\/contarini.net\/de\/wp-json\/wp\/v2\/product_cat?post=40419"},{"taxonomy":"product_tag","embeddable":true,"href":"https:\/\/contarini.net\/de\/wp-json\/wp\/v2\/product_tag?post=40419"}],"curies":[{"name":"wp","href":"https:\/\/api.w.org\/{rel}","templated":true}]}}