{"id":40416,"date":"2016-09-06T17:14:44","date_gmt":"2016-09-06T15:14:44","guid":{"rendered":"https:\/\/contarini.net\/de\/produkt\/afr-b-de\/"},"modified":"2016-09-06T17:14:45","modified_gmt":"2016-09-06T15:14:45","slug":"afr-b-de","status":"publish","type":"product","link":"https:\/\/contarini.net\/de\/produkt\/afr-b-de\/","title":{"rendered":"90\u00b0 WINKELSTUTZEN F\u00dcR ZAHNRADPUMPE TYP AFR-B"},"content":{"rendered":"<p>Der 90\u00b0 Winkelstutzen vom Typ AFR-B wird in 2 Versionen ausgef\u00fchrt, eine aus Stahl und eine aus Aluminium. Bietet die M\u00f6glichkeit, das Ansaugen und den Auslass der Zahnradpumpen an die F\u00f6rder- und Ansaugschl\u00e4uche der Anlage anzuschlie\u00dfen. Bosch-Anschluss (deutsch).<\/p>\n","protected":false},"excerpt":{"rendered":"<p>Der 90\u00b0 Winkelstutzen vom Typ AFR-B wird in 2 Versionen ausgef\u00fchrt, eine aus Stahl und eine aus Aluminium. Bietet die M\u00f6glichkeit, das Ansaugen und den Auslass der Zahnradpumpen an die F\u00f6rder- und Ansaugschl\u00e4uche der Anlage anzuschlie\u00dfen. Bosch-Anschluss (deutsch).<\/p>\n","protected":false},"featured_media":0,"template":"","product_brand":[],"product_cat":[540],"product_tag":[],"class_list":{"0":"post-40416","1":"product","2":"type-product","3":"status-publish","5":"product_cat-zahnradpumpe","6":"odd","8":"first","9":"instock","10":"shipping-taxable","11":"product-type-simple"},"_links":{"self":[{"href":"https:\/\/contarini.net\/de\/wp-json\/wp\/v2\/product\/40416","targetHints":{"allow":["GET"]}}],"collection":[{"href":"https:\/\/contarini.net\/de\/wp-json\/wp\/v2\/product"}],"about":[{"href":"https:\/\/contarini.net\/de\/wp-json\/wp\/v2\/types\/product"}],"wp:attachment":[{"href":"https:\/\/contarini.net\/de\/wp-json\/wp\/v2\/media?parent=40416"}],"wp:term":[{"taxonomy":"product_brand","embeddable":true,"href":"https:\/\/contarini.net\/de\/wp-json\/wp\/v2\/product_brand?post=40416"},{"taxonomy":"product_cat","embeddable":true,"href":"https:\/\/contarini.net\/de\/wp-json\/wp\/v2\/product_cat?post=40416"},{"taxonomy":"product_tag","embeddable":true,"href":"https:\/\/contarini.net\/de\/wp-json\/wp\/v2\/product_tag?post=40416"}],"curies":[{"name":"wp","href":"https:\/\/api.w.org\/{rel}","templated":true}]}}