{"id":40413,"date":"2016-09-06T17:14:43","date_gmt":"2016-09-06T15:14:43","guid":{"rendered":"https:\/\/contarini.net\/de\/produkt\/afrg-de\/"},"modified":"2016-09-06T17:14:44","modified_gmt":"2016-09-06T15:14:44","slug":"afrg-de","status":"publish","type":"product","link":"https:\/\/contarini.net\/de\/produkt\/afrg-de\/","title":{"rendered":"90\u00b0 WINKELSTUTZEN F\u00dcR ZAHNRADPUMPE TYP AFRG"},"content":{"rendered":"<p>Der 90\u00b0 Winkelstutzen vom Typ AFRG ist aus verzinktem Stahl ausgef\u00fchrt. Bietet die M\u00f6glichkeit, das Ansaugen und den Auslass der Zahnradpumpen an die F\u00f6rder- und Ansaugschl\u00e4uche der Anlage anzuschlie\u00dfen. Befestigung europ\u00e4ischer Standard.<\/p>\n","protected":false},"excerpt":{"rendered":"<p>Der 90\u00b0 Winkelstutzen vom Typ AFRG ist aus verzinktem Stahl ausgef\u00fchrt. Bietet die M\u00f6glichkeit, das Ansaugen und den Auslass der Zahnradpumpen an die F\u00f6rder- und Ansaugschl\u00e4uche der Anlage anzuschlie\u00dfen. Befestigung europ\u00e4ischer Standard.<\/p>\n","protected":false},"featured_media":0,"template":"","product_brand":[],"product_cat":[540],"product_tag":[],"class_list":{"0":"post-40413","1":"product","2":"type-product","3":"status-publish","5":"product_cat-zahnradpumpe","6":"odd","8":"first","9":"instock","10":"shipping-taxable","11":"product-type-simple"},"_links":{"self":[{"href":"https:\/\/contarini.net\/de\/wp-json\/wp\/v2\/product\/40413","targetHints":{"allow":["GET"]}}],"collection":[{"href":"https:\/\/contarini.net\/de\/wp-json\/wp\/v2\/product"}],"about":[{"href":"https:\/\/contarini.net\/de\/wp-json\/wp\/v2\/types\/product"}],"wp:attachment":[{"href":"https:\/\/contarini.net\/de\/wp-json\/wp\/v2\/media?parent=40413"}],"wp:term":[{"taxonomy":"product_brand","embeddable":true,"href":"https:\/\/contarini.net\/de\/wp-json\/wp\/v2\/product_brand?post=40413"},{"taxonomy":"product_cat","embeddable":true,"href":"https:\/\/contarini.net\/de\/wp-json\/wp\/v2\/product_cat?post=40413"},{"taxonomy":"product_tag","embeddable":true,"href":"https:\/\/contarini.net\/de\/wp-json\/wp\/v2\/product_tag?post=40413"}],"curies":[{"name":"wp","href":"https:\/\/api.w.org\/{rel}","templated":true}]}}