{"id":40407,"date":"2016-09-06T17:14:41","date_gmt":"2016-09-06T15:14:41","guid":{"rendered":"https:\/\/contarini.net\/de\/produkt\/pc-2-de\/"},"modified":"2016-09-06T17:14:41","modified_gmt":"2016-09-06T15:14:41","slug":"pc-2-de","status":"publish","type":"product","link":"https:\/\/contarini.net\/de\/produkt\/pc-2-de\/","title":{"rendered":"ZAHNRADPUMPE GR.2 TYP PC-2"},"content":{"rendered":"<p>Die Zahnradpumpen der Serie &#8222;PC-1 \/ 2 \/ 3&#8220; sehen folgende Einheiten, Hubr\u00e4ume und Drucke vor:  GR.1 von 1,1 bis 8,00 cm3\/Umdrehung &#8211; Druck max. 250 bar,  GR. 2 von 6,00 bis 30,00 cm3\/Umdrehung &#8211; Druck max. 250 bar, GR.3 von 22,00 bis 70,00 cm3\/Umdrehung &#8211; Druck max. 250 bar.  Die Pumpen BG.2 und BG.3 bieten die M\u00f6glichkeit, die Rotation durch Drehen der vorderen Grundplatte umzudrehen. Sie sind sowohl mit Bearbeitung des Geh\u00e4uses f\u00fcr die Montage von Winkelstutzen, als auch mit Geh\u00e4use mit Gewinde erh\u00e4ltlich. Produkt, das hinsichtlich des Preisprofils sehr interessant ist.<\/p>\n","protected":false},"excerpt":{"rendered":"<p>Die Zahnradpumpen der Serie &#8222;PC-1 \/ 2 \/ 3&#8220; sehen folgende Einheiten, Hubr\u00e4ume und Drucke vor: GR.1 von 1,1 bis 8,00 cm3\/Umdrehung &#8211; Druck max. 250 bar, GR. 2 von 6,00 bis 30,00 cm3\/Umdrehung &#8211; Druck max. 250 bar, GR.3 von 22,00 bis 70,00 cm3\/Umdrehung &#8211; Druck max. 250 bar. Die Pumpen BG.2 und BG.3 bieten die M\u00f6glichkeit, die Rotation [&hellip;]<\/p>\n","protected":false},"featured_media":0,"template":"","product_brand":[],"product_cat":[540],"product_tag":[],"class_list":{"0":"post-40407","1":"product","2":"type-product","3":"status-publish","5":"product_cat-zahnradpumpe","6":"odd","8":"first","9":"instock","10":"shipping-taxable","11":"product-type-simple"},"_links":{"self":[{"href":"https:\/\/contarini.net\/de\/wp-json\/wp\/v2\/product\/40407","targetHints":{"allow":["GET"]}}],"collection":[{"href":"https:\/\/contarini.net\/de\/wp-json\/wp\/v2\/product"}],"about":[{"href":"https:\/\/contarini.net\/de\/wp-json\/wp\/v2\/types\/product"}],"wp:attachment":[{"href":"https:\/\/contarini.net\/de\/wp-json\/wp\/v2\/media?parent=40407"}],"wp:term":[{"taxonomy":"product_brand","embeddable":true,"href":"https:\/\/contarini.net\/de\/wp-json\/wp\/v2\/product_brand?post=40407"},{"taxonomy":"product_cat","embeddable":true,"href":"https:\/\/contarini.net\/de\/wp-json\/wp\/v2\/product_cat?post=40407"},{"taxonomy":"product_tag","embeddable":true,"href":"https:\/\/contarini.net\/de\/wp-json\/wp\/v2\/product_tag?post=40407"}],"curies":[{"name":"wp","href":"https:\/\/api.w.org\/{rel}","templated":true}]}}