{"id":40401,"date":"2016-09-06T17:14:38","date_gmt":"2016-09-06T15:14:39","guid":{"rendered":"https:\/\/contarini.net\/de\/produkt\/pgkt-de\/"},"modified":"2016-09-06T17:14:39","modified_gmt":"2016-09-06T15:14:39","slug":"pgkt-de","status":"publish","type":"product","link":"https:\/\/contarini.net\/de\/produkt\/pgkt-de\/","title":{"rendered":"UNIVERSELLER ZUGANKER UND MUTTER F\u00dcR PUMPEN T.C. (KURZE AUSF\u00dcHRUNG) TYP PGKT"},"content":{"rendered":"<p>Der universelle Zuganker Typ &#8222;PGKT&#8220; ist ein Teil, der f\u00fcr die Montage (KURZTANDEM) der Zahnradpumpen aus der Serie PS n\u00f6tig ist. F\u00fcr jede Kupplung sind 4 Stk. zugankern and 4 Stk. selbstsperrende muttern<\/p>\n","protected":false},"excerpt":{"rendered":"<p>Der universelle Zuganker Typ &#8222;PGKT&#8220; ist ein Teil, der f\u00fcr die Montage (KURZTANDEM) der Zahnradpumpen aus der Serie PS n\u00f6tig ist. F\u00fcr jede Kupplung sind 4 Stk. zugankern and 4 Stk. selbstsperrende muttern<\/p>\n","protected":false},"featured_media":0,"template":"","product_brand":[],"product_cat":[540],"product_tag":[],"class_list":{"0":"post-40401","1":"product","2":"type-product","3":"status-publish","5":"product_cat-zahnradpumpe","6":"odd","8":"first","9":"instock","10":"shipping-taxable","11":"product-type-simple"},"_links":{"self":[{"href":"https:\/\/contarini.net\/de\/wp-json\/wp\/v2\/product\/40401","targetHints":{"allow":["GET"]}}],"collection":[{"href":"https:\/\/contarini.net\/de\/wp-json\/wp\/v2\/product"}],"about":[{"href":"https:\/\/contarini.net\/de\/wp-json\/wp\/v2\/types\/product"}],"wp:attachment":[{"href":"https:\/\/contarini.net\/de\/wp-json\/wp\/v2\/media?parent=40401"}],"wp:term":[{"taxonomy":"product_brand","embeddable":true,"href":"https:\/\/contarini.net\/de\/wp-json\/wp\/v2\/product_brand?post=40401"},{"taxonomy":"product_cat","embeddable":true,"href":"https:\/\/contarini.net\/de\/wp-json\/wp\/v2\/product_cat?post=40401"},{"taxonomy":"product_tag","embeddable":true,"href":"https:\/\/contarini.net\/de\/wp-json\/wp\/v2\/product_tag?post=40401"}],"curies":[{"name":"wp","href":"https:\/\/api.w.org\/{rel}","templated":true}]}}