{"id":40398,"date":"2016-09-06T17:14:37","date_gmt":"2016-09-06T15:14:37","guid":{"rendered":"https:\/\/contarini.net\/de\/produkt\/pgkit-de\/"},"modified":"2016-09-06T17:14:38","modified_gmt":"2016-09-06T15:14:38","slug":"pgkit-de","status":"publish","type":"product","link":"https:\/\/contarini.net\/de\/produkt\/pgkit-de\/","title":{"rendered":"KIT KUPPLUNG F\u00dcR MEHRFACH-PUMPEN TYP PGKIT"},"content":{"rendered":"<p>Der Kupplungskit Typ &#8222;PGKIT&#8220; ist ein Zubeh\u00f6rsatz, der f\u00fcr die Montage (TANDEM STANDARD) der Zahnradpumpen aus der Serie PS n\u00f6tig ist.<\/p>\n","protected":false},"excerpt":{"rendered":"<p>Der Kupplungskit Typ &#8222;PGKIT&#8220; ist ein Zubeh\u00f6rsatz, der f\u00fcr die Montage (TANDEM STANDARD) der Zahnradpumpen aus der Serie PS n\u00f6tig ist.<\/p>\n","protected":false},"featured_media":0,"template":"","product_brand":[],"product_cat":[540],"product_tag":[],"class_list":{"0":"post-40398","1":"product","2":"type-product","3":"status-publish","5":"product_cat-zahnradpumpe","6":"odd","8":"first","9":"instock","10":"shipping-taxable","11":"product-type-simple"},"_links":{"self":[{"href":"https:\/\/contarini.net\/de\/wp-json\/wp\/v2\/product\/40398","targetHints":{"allow":["GET"]}}],"collection":[{"href":"https:\/\/contarini.net\/de\/wp-json\/wp\/v2\/product"}],"about":[{"href":"https:\/\/contarini.net\/de\/wp-json\/wp\/v2\/types\/product"}],"wp:attachment":[{"href":"https:\/\/contarini.net\/de\/wp-json\/wp\/v2\/media?parent=40398"}],"wp:term":[{"taxonomy":"product_brand","embeddable":true,"href":"https:\/\/contarini.net\/de\/wp-json\/wp\/v2\/product_brand?post=40398"},{"taxonomy":"product_cat","embeddable":true,"href":"https:\/\/contarini.net\/de\/wp-json\/wp\/v2\/product_cat?post=40398"},{"taxonomy":"product_tag","embeddable":true,"href":"https:\/\/contarini.net\/de\/wp-json\/wp\/v2\/product_tag?post=40398"}],"curies":[{"name":"wp","href":"https:\/\/api.w.org\/{rel}","templated":true}]}}