{"id":40383,"date":"2016-09-06T17:14:32","date_gmt":"2016-09-06T15:14:32","guid":{"rendered":"https:\/\/contarini.net\/de\/produkt\/ps1-a-de\/"},"modified":"2016-09-06T17:14:32","modified_gmt":"2016-09-06T15:14:32","slug":"ps1-a-de","status":"publish","type":"product","link":"https:\/\/contarini.net\/de\/produkt\/ps1-a-de\/","title":{"rendered":"ZAHNRADPUMPE TYP PS1-A"},"content":{"rendered":"<p>Die Pumpen aus der PS-1 \/ 2 \/ 3   Baureihe sehen folgende Gruppen, Hubr\u00e4ume und H\u00f6chstdr\u00fccke vor:   BG 1: von 0,9 bis 9,8 cm\u00b3\/U. &#8211; Max. Druck 290 bar,   BG 2: von 4 bis 26 cm\u00b3\/U. &#8211; Max. Druck 290 bar,    BG 3: von 19 bis 62 cm\u00b3\/U. &#8211; Max. Druck 300 bar.  F\u00fcr die Pumpen der BG 2 und der BG 3 sind Ausf\u00fchrungen mit Flanschen und Deckeln aus Guss auch verf\u00fcgbar. Diese L\u00f6sung erm\u00f6glicht, die H\u00f6chstdr\u00fccke bis zu 320 bar zu erh\u00f6hen und das L\u00e4rm zu reduzieren.  Das hydrostatische Auswuchten berichtigt den Axialspalt der Zahnr\u00e4der. Durchschnittlicher volumetrischer Wirkungsgrad: 95% .     Die Schmierung der Tr\u00e4gerbuchsen ist automatisch und zum benutzten Arbeitsdruck proportional.  Flanschen und Wellen sind miteinander austauschbar.  Bei allen Gruppen k\u00f6nnen Deckel komplett mit Druckbegrenzungsventil montiert werden.<\/p>\n","protected":false},"excerpt":{"rendered":"<p>Die Pumpen aus der PS-1 \/ 2 \/ 3 Baureihe sehen folgende Gruppen, Hubr\u00e4ume und H\u00f6chstdr\u00fccke vor: BG 1: von 0,9 bis 9,8 cm\u00b3\/U. &#8211; Max. Druck 290 bar, BG 2: von 4 bis 26 cm\u00b3\/U. &#8211; Max. Druck 290 bar, BG 3: von 19 bis 62 cm\u00b3\/U. &#8211; Max. Druck 300 bar. F\u00fcr die Pumpen der BG 2 und [&hellip;]<\/p>\n","protected":false},"featured_media":0,"template":"","product_brand":[],"product_cat":[540],"product_tag":[],"class_list":{"0":"post-40383","1":"product","2":"type-product","3":"status-publish","5":"product_cat-zahnradpumpe","6":"odd","8":"first","9":"instock","10":"shipping-taxable","11":"product-type-simple"},"_links":{"self":[{"href":"https:\/\/contarini.net\/de\/wp-json\/wp\/v2\/product\/40383","targetHints":{"allow":["GET"]}}],"collection":[{"href":"https:\/\/contarini.net\/de\/wp-json\/wp\/v2\/product"}],"about":[{"href":"https:\/\/contarini.net\/de\/wp-json\/wp\/v2\/types\/product"}],"wp:attachment":[{"href":"https:\/\/contarini.net\/de\/wp-json\/wp\/v2\/media?parent=40383"}],"wp:term":[{"taxonomy":"product_brand","embeddable":true,"href":"https:\/\/contarini.net\/de\/wp-json\/wp\/v2\/product_brand?post=40383"},{"taxonomy":"product_cat","embeddable":true,"href":"https:\/\/contarini.net\/de\/wp-json\/wp\/v2\/product_cat?post=40383"},{"taxonomy":"product_tag","embeddable":true,"href":"https:\/\/contarini.net\/de\/wp-json\/wp\/v2\/product_tag?post=40383"}],"curies":[{"name":"wp","href":"https:\/\/api.w.org\/{rel}","templated":true}]}}