{"id":40371,"date":"2016-09-06T17:14:27","date_gmt":"2016-09-06T15:14:27","guid":{"rendered":"https:\/\/contarini.net\/de\/produkt\/pamj-tdsv-de\/"},"modified":"2018-04-03T14:58:11","modified_gmt":"2018-04-03T12:58:11","slug":"pamj-tdsv-de","status":"publish","type":"product","link":"https:\/\/contarini.net\/de\/produkt\/pamj-tdsv-de\/","title":{"rendered":"ERSATZTEILE F\u00dcR HANDPUMPE TYP PAM-TDSV"},"content":{"rendered":"<p>Das Ersatzteil-Set f\u00fcr Handpumpen erm\u00f6glicht das Auswechseln von Bauteilen der Handpumpen, die einem Verschlei\u00df unterliegen.<\/p>\n","protected":false},"excerpt":{"rendered":"<p>Das Ersatzteil-Set f\u00fcr Handpumpen erm\u00f6glicht das Auswechseln von Bauteilen der Handpumpen, die einem Verschlei\u00df unterliegen.<\/p>\n","protected":false},"featured_media":0,"template":"","product_brand":[],"product_cat":[669],"product_tag":[],"class_list":{"0":"post-40371","1":"product","2":"type-product","3":"status-publish","5":"product_cat-ersatzteile-fuer-handpumpe","6":"odd","8":"first","9":"instock","10":"shipping-taxable","11":"product-type-simple"},"_links":{"self":[{"href":"https:\/\/contarini.net\/de\/wp-json\/wp\/v2\/product\/40371","targetHints":{"allow":["GET"]}}],"collection":[{"href":"https:\/\/contarini.net\/de\/wp-json\/wp\/v2\/product"}],"about":[{"href":"https:\/\/contarini.net\/de\/wp-json\/wp\/v2\/types\/product"}],"wp:attachment":[{"href":"https:\/\/contarini.net\/de\/wp-json\/wp\/v2\/media?parent=40371"}],"wp:term":[{"taxonomy":"product_brand","embeddable":true,"href":"https:\/\/contarini.net\/de\/wp-json\/wp\/v2\/product_brand?post=40371"},{"taxonomy":"product_cat","embeddable":true,"href":"https:\/\/contarini.net\/de\/wp-json\/wp\/v2\/product_cat?post=40371"},{"taxonomy":"product_tag","embeddable":true,"href":"https:\/\/contarini.net\/de\/wp-json\/wp\/v2\/product_tag?post=40371"}],"curies":[{"name":"wp","href":"https:\/\/api.w.org\/{rel}","templated":true}]}}