{"id":40335,"date":"2016-09-06T17:14:15","date_gmt":"2016-09-06T15:14:15","guid":{"rendered":"https:\/\/contarini.net\/de\/produkt\/pam029-de\/"},"modified":"2016-09-06T17:14:16","modified_gmt":"2016-09-06T15:14:16","slug":"pam029-de","status":"publish","type":"product","link":"https:\/\/contarini.net\/de\/produkt\/pam029-de\/","title":{"rendered":"HEBEL F\u00dcR HANDPUMPE TYP PAM029"},"content":{"rendered":"<p>Der Hebel der Serie PAM029 erm\u00f6glicht die manuelle Bet\u00e4tigung der Handpumpe. Aus verzinktem Stahl ausgef\u00fchrt, Griff aus Gummi. Auf Anfrage nicht nur in der Standardl\u00e4nge (600mm), sondern auch in anderen L\u00e4ngen lieferbar.<\/p>\n","protected":false},"excerpt":{"rendered":"<p>Der Hebel der Serie PAM029 erm\u00f6glicht die manuelle Bet\u00e4tigung der Handpumpe. Aus verzinktem Stahl ausgef\u00fchrt, Griff aus Gummi. Auf Anfrage nicht nur in der Standardl\u00e4nge (600mm), sondern auch in anderen L\u00e4ngen lieferbar.<\/p>\n","protected":false},"featured_media":0,"template":"","product_brand":[],"product_cat":[534],"product_tag":[],"class_list":{"0":"post-40335","1":"product","2":"type-product","3":"status-publish","5":"product_cat-handpumpe","6":"odd","8":"first","9":"instock","10":"shipping-taxable","11":"product-type-simple"},"_links":{"self":[{"href":"https:\/\/contarini.net\/de\/wp-json\/wp\/v2\/product\/40335","targetHints":{"allow":["GET"]}}],"collection":[{"href":"https:\/\/contarini.net\/de\/wp-json\/wp\/v2\/product"}],"about":[{"href":"https:\/\/contarini.net\/de\/wp-json\/wp\/v2\/types\/product"}],"wp:attachment":[{"href":"https:\/\/contarini.net\/de\/wp-json\/wp\/v2\/media?parent=40335"}],"wp:term":[{"taxonomy":"product_brand","embeddable":true,"href":"https:\/\/contarini.net\/de\/wp-json\/wp\/v2\/product_brand?post=40335"},{"taxonomy":"product_cat","embeddable":true,"href":"https:\/\/contarini.net\/de\/wp-json\/wp\/v2\/product_cat?post=40335"},{"taxonomy":"product_tag","embeddable":true,"href":"https:\/\/contarini.net\/de\/wp-json\/wp\/v2\/product_tag?post=40335"}],"curies":[{"name":"wp","href":"https:\/\/api.w.org\/{rel}","templated":true}]}}