{"id":40329,"date":"2016-09-06T17:14:13","date_gmt":"2016-09-06T15:14:13","guid":{"rendered":"https:\/\/contarini.net\/de\/produkt\/pm-de\/"},"modified":"2016-09-06T17:14:14","modified_gmt":"2016-09-06T15:14:14","slug":"pm-de","status":"publish","type":"product","link":"https:\/\/contarini.net\/de\/produkt\/pm-de\/","title":{"rendered":"TANKF\u00dcR HANDPUMPE ( TYP PAM-T und PAM-TD ) TYP PM"},"content":{"rendered":"<p>Der Tank f\u00fcr die Handpumpe der Serie PM ist f\u00fcr die Unterbringung einer Handpumpe der Serie PAM-T oder PAM-TD vorbereitet. Aus Stahl ausgef\u00fchrt, ist eine robuste und wirtschaftliche L\u00f6sung f\u00fcr die Aufnahme der zur Versorgung der Handpumpe n\u00f6tigen \u00d6lreserve. Schwarz lackiert.<\/p>\n","protected":false},"excerpt":{"rendered":"<p>Der Tank f\u00fcr die Handpumpe der Serie PM ist f\u00fcr die Unterbringung einer Handpumpe der Serie PAM-T oder PAM-TD vorbereitet. Aus Stahl ausgef\u00fchrt, ist eine robuste und wirtschaftliche L\u00f6sung f\u00fcr die Aufnahme der zur Versorgung der Handpumpe n\u00f6tigen \u00d6lreserve. Schwarz lackiert.<\/p>\n","protected":false},"featured_media":0,"template":"","product_brand":[],"product_cat":[534],"product_tag":[],"class_list":{"0":"post-40329","1":"product","2":"type-product","3":"status-publish","5":"product_cat-handpumpe","6":"odd","8":"first","9":"instock","10":"shipping-taxable","11":"product-type-simple"},"_links":{"self":[{"href":"https:\/\/contarini.net\/de\/wp-json\/wp\/v2\/product\/40329","targetHints":{"allow":["GET"]}}],"collection":[{"href":"https:\/\/contarini.net\/de\/wp-json\/wp\/v2\/product"}],"about":[{"href":"https:\/\/contarini.net\/de\/wp-json\/wp\/v2\/types\/product"}],"wp:attachment":[{"href":"https:\/\/contarini.net\/de\/wp-json\/wp\/v2\/media?parent=40329"}],"wp:term":[{"taxonomy":"product_brand","embeddable":true,"href":"https:\/\/contarini.net\/de\/wp-json\/wp\/v2\/product_brand?post=40329"},{"taxonomy":"product_cat","embeddable":true,"href":"https:\/\/contarini.net\/de\/wp-json\/wp\/v2\/product_cat?post=40329"},{"taxonomy":"product_tag","embeddable":true,"href":"https:\/\/contarini.net\/de\/wp-json\/wp\/v2\/product_tag?post=40329"}],"curies":[{"name":"wp","href":"https:\/\/api.w.org\/{rel}","templated":true}]}}