{"id":40317,"date":"2016-09-06T17:14:10","date_gmt":"2016-09-06T15:14:10","guid":{"rendered":"https:\/\/contarini.net\/de\/produkt\/pam-trs-de\/"},"modified":"2016-09-06T17:14:10","modified_gmt":"2016-09-06T15:14:10","slug":"pam-trs-de","status":"publish","type":"product","link":"https:\/\/contarini.net\/de\/produkt\/pam-trs-de\/","title":{"rendered":"HANDPUMPE &#8211; MIT TANKEINRICHTUNG UND AUSL\u00d6SERHEBEL TYP PAM-TRS"},"content":{"rendered":"<p>Die Handpumpe der Serie PAM-TRS ist eine manuell zu bedienende Hydraulikpumpe mit Einzelf\u00f6rderung und ist f\u00fcr die Versorgung von einfachwirkenden Hydraulikzylindern oder Tauchzylindern geeignet. Der Pumpzyklus ist doppeltwirkend, das hei\u00dft er erzeugt bei beiden Bewegungen des Hebels Druck. Der Pumphebel mit automatischer R\u00fcckkehr erm\u00f6glicht eine schnelle Entladung und im Notfall eine sofortige Unterbrechung der Abgabe.  Dieses Modell ist f\u00fcr die Fixierung an Tanks der Serie PM oder PMSR vorbereitet. Dieses Produkt ist f\u00fcr viele Anwendungen geeignet, im Speziellen f\u00fcr Notfallsysteme. (Bet\u00e4tigungshebel nicht inbegriffen)<\/p>\n","protected":false},"excerpt":{"rendered":"<p>Die Handpumpe der Serie PAM-TRS ist eine manuell zu bedienende Hydraulikpumpe mit Einzelf\u00f6rderung und ist f\u00fcr die Versorgung von einfachwirkenden Hydraulikzylindern oder Tauchzylindern geeignet. Der Pumpzyklus ist doppeltwirkend, das hei\u00dft er erzeugt bei beiden Bewegungen des Hebels Druck. Der Pumphebel mit automatischer R\u00fcckkehr erm\u00f6glicht eine schnelle Entladung und im Notfall eine sofortige Unterbrechung der Abgabe. Dieses Modell ist f\u00fcr die [&hellip;]<\/p>\n","protected":false},"featured_media":0,"template":"","product_brand":[],"product_cat":[534],"product_tag":[],"class_list":{"0":"post-40317","1":"product","2":"type-product","3":"status-publish","5":"product_cat-handpumpe","6":"odd","8":"first","9":"instock","10":"shipping-taxable","11":"product-type-simple"},"_links":{"self":[{"href":"https:\/\/contarini.net\/de\/wp-json\/wp\/v2\/product\/40317","targetHints":{"allow":["GET"]}}],"collection":[{"href":"https:\/\/contarini.net\/de\/wp-json\/wp\/v2\/product"}],"about":[{"href":"https:\/\/contarini.net\/de\/wp-json\/wp\/v2\/types\/product"}],"wp:attachment":[{"href":"https:\/\/contarini.net\/de\/wp-json\/wp\/v2\/media?parent=40317"}],"wp:term":[{"taxonomy":"product_brand","embeddable":true,"href":"https:\/\/contarini.net\/de\/wp-json\/wp\/v2\/product_brand?post=40317"},{"taxonomy":"product_cat","embeddable":true,"href":"https:\/\/contarini.net\/de\/wp-json\/wp\/v2\/product_cat?post=40317"},{"taxonomy":"product_tag","embeddable":true,"href":"https:\/\/contarini.net\/de\/wp-json\/wp\/v2\/product_tag?post=40317"}],"curies":[{"name":"wp","href":"https:\/\/api.w.org\/{rel}","templated":true}]}}