{"id":40314,"date":"2016-09-06T17:14:09","date_gmt":"2016-09-06T15:14:09","guid":{"rendered":"https:\/\/contarini.net\/de\/produkt\/pam-tsv-de\/"},"modified":"2016-09-06T17:14:09","modified_gmt":"2016-09-06T15:14:09","slug":"pam-tsv-de","status":"publish","type":"product","link":"https:\/\/contarini.net\/de\/produkt\/pam-tsv-de\/","title":{"rendered":"HANDPUMPE &#8211; MIT TANKEINRICHTUNGUND ABLASSHAHN + DBV &#8211; TYP PAM-TSV"},"content":{"rendered":"<p>Die Handpumpe der Serie PAM-TSV ist eine hydraulische Handpumpe mit Einzelf\u00f6rderleistung, geeignet, um einfachwirkende oder Plunger-Hydraulikzylinder zu speisen. Der Pumpzyklus ist doppelwirkend, das hei\u00dft er erzeugt bei beiden Bewegungen des Hebels Druck. Dieses Modell ist f\u00fcr die Fixierung an Tanks der Serie PM oder PMSR vorbereitet. Dieses Produkt ist f\u00fcr viele Anwendungen geeignet, im Speziellen f\u00fcr Notfallsysteme. (Bet\u00e4tigungshebel nicht inkludiert).<\/p>\n","protected":false},"excerpt":{"rendered":"<p>Die Handpumpe der Serie PAM-TSV ist eine hydraulische Handpumpe mit Einzelf\u00f6rderleistung, geeignet, um einfachwirkende oder Plunger-Hydraulikzylinder zu speisen. Der Pumpzyklus ist doppelwirkend, das hei\u00dft er erzeugt bei beiden Bewegungen des Hebels Druck. Dieses Modell ist f\u00fcr die Fixierung an Tanks der Serie PM oder PMSR vorbereitet. Dieses Produkt ist f\u00fcr viele Anwendungen geeignet, im Speziellen f\u00fcr Notfallsysteme. (Bet\u00e4tigungshebel nicht inkludiert).<\/p>\n","protected":false},"featured_media":0,"template":"","product_brand":[],"product_cat":[534],"product_tag":[],"class_list":{"0":"post-40314","1":"product","2":"type-product","3":"status-publish","5":"product_cat-handpumpe","6":"odd","8":"first","9":"instock","10":"shipping-taxable","11":"product-type-simple"},"_links":{"self":[{"href":"https:\/\/contarini.net\/de\/wp-json\/wp\/v2\/product\/40314","targetHints":{"allow":["GET"]}}],"collection":[{"href":"https:\/\/contarini.net\/de\/wp-json\/wp\/v2\/product"}],"about":[{"href":"https:\/\/contarini.net\/de\/wp-json\/wp\/v2\/types\/product"}],"wp:attachment":[{"href":"https:\/\/contarini.net\/de\/wp-json\/wp\/v2\/media?parent=40314"}],"wp:term":[{"taxonomy":"product_brand","embeddable":true,"href":"https:\/\/contarini.net\/de\/wp-json\/wp\/v2\/product_brand?post=40314"},{"taxonomy":"product_cat","embeddable":true,"href":"https:\/\/contarini.net\/de\/wp-json\/wp\/v2\/product_cat?post=40314"},{"taxonomy":"product_tag","embeddable":true,"href":"https:\/\/contarini.net\/de\/wp-json\/wp\/v2\/product_tag?post=40314"}],"curies":[{"name":"wp","href":"https:\/\/api.w.org\/{rel}","templated":true}]}}