{"id":40287,"date":"2016-09-06T17:13:47","date_gmt":"2016-09-06T15:13:47","guid":{"rendered":"https:\/\/contarini.net\/de\/produkt\/au0516-de\/"},"modified":"2016-09-06T17:13:47","modified_gmt":"2016-09-06T15:13:47","slug":"au0516-de","status":"publish","type":"product","link":"https:\/\/contarini.net\/de\/produkt\/au0516-de\/","title":{"rendered":"DREHMOMENTENSCHL\u00dcSSEL TYP AU0516"},"content":{"rendered":"<p>Der Drehmomentschl\u00fcssel der Serie AU0516 ist ein Ratschenschl\u00fcssel, mit dessen Hilfe eine Schraube mit einem bestimmten Drehmoment angezogen werden kann. W\u00e4hrend die Schraube mit der normalen Ratschenbewegung angezogen wird, erzeugt der Schl\u00fcsselkopf, wenn das Drehmoment quasi erreicht ist, einen starken Ruck, der das Zeichen daf\u00fcr ist, dass das gew\u00fcnschte Anzugsdrehmoment erreicht wurde. An diesem Punkt muss das Anziehen der Schraube unterbrochen werden.<\/p>\n","protected":false},"excerpt":{"rendered":"<p>Der Drehmomentschl\u00fcssel der Serie AU0516 ist ein Ratschenschl\u00fcssel, mit dessen Hilfe eine Schraube mit einem bestimmten Drehmoment angezogen werden kann. W\u00e4hrend die Schraube mit der normalen Ratschenbewegung angezogen wird, erzeugt der Schl\u00fcsselkopf, wenn das Drehmoment quasi erreicht ist, einen starken Ruck, der das Zeichen daf\u00fcr ist, dass das gew\u00fcnschte Anzugsdrehmoment erreicht wurde. An diesem Punkt muss das Anziehen der Schraube [&hellip;]<\/p>\n","protected":false},"featured_media":0,"template":"","product_brand":[],"product_cat":[531],"product_tag":[],"class_list":{"0":"post-40287","1":"product","2":"type-product","3":"status-publish","5":"product_cat-werkzeuge-zu-zylindermontage","6":"odd","8":"first","9":"instock","10":"shipping-taxable","11":"product-type-simple"},"_links":{"self":[{"href":"https:\/\/contarini.net\/de\/wp-json\/wp\/v2\/product\/40287","targetHints":{"allow":["GET"]}}],"collection":[{"href":"https:\/\/contarini.net\/de\/wp-json\/wp\/v2\/product"}],"about":[{"href":"https:\/\/contarini.net\/de\/wp-json\/wp\/v2\/types\/product"}],"wp:attachment":[{"href":"https:\/\/contarini.net\/de\/wp-json\/wp\/v2\/media?parent=40287"}],"wp:term":[{"taxonomy":"product_brand","embeddable":true,"href":"https:\/\/contarini.net\/de\/wp-json\/wp\/v2\/product_brand?post=40287"},{"taxonomy":"product_cat","embeddable":true,"href":"https:\/\/contarini.net\/de\/wp-json\/wp\/v2\/product_cat?post=40287"},{"taxonomy":"product_tag","embeddable":true,"href":"https:\/\/contarini.net\/de\/wp-json\/wp\/v2\/product_tag?post=40287"}],"curies":[{"name":"wp","href":"https:\/\/api.w.org\/{rel}","templated":true}]}}