{"id":40281,"date":"2016-09-06T17:13:44","date_gmt":"2016-09-06T15:13:44","guid":{"rendered":"https:\/\/contarini.net\/de\/produkt\/au05-de\/"},"modified":"2016-09-06T17:13:45","modified_gmt":"2016-09-06T15:13:45","slug":"au05-de","status":"publish","type":"product","link":"https:\/\/contarini.net\/de\/produkt\/au05-de\/","title":{"rendered":"HAKENSCHL\u00dcSSEL MIT ZAPPEN TYP AU05"},"content":{"rendered":"<p>Der Montageschl\u00fcssel f\u00fcr Zylinder der Serie AU05 dient dem Festschrauben der F\u00fchrungsk\u00f6pfe mit am Rand angeordneten Bohrungen (runde Nase).<\/p>\n","protected":false},"excerpt":{"rendered":"<p>Der Montageschl\u00fcssel f\u00fcr Zylinder der Serie AU05 dient dem Festschrauben der F\u00fchrungsk\u00f6pfe mit am Rand angeordneten Bohrungen (runde Nase).<\/p>\n","protected":false},"featured_media":0,"template":"","product_brand":[],"product_cat":[531],"product_tag":[],"class_list":{"0":"post-40281","1":"product","2":"type-product","3":"status-publish","5":"product_cat-werkzeuge-zu-zylindermontage","6":"odd","8":"first","9":"instock","10":"shipping-taxable","11":"product-type-simple"},"_links":{"self":[{"href":"https:\/\/contarini.net\/de\/wp-json\/wp\/v2\/product\/40281","targetHints":{"allow":["GET"]}}],"collection":[{"href":"https:\/\/contarini.net\/de\/wp-json\/wp\/v2\/product"}],"about":[{"href":"https:\/\/contarini.net\/de\/wp-json\/wp\/v2\/types\/product"}],"wp:attachment":[{"href":"https:\/\/contarini.net\/de\/wp-json\/wp\/v2\/media?parent=40281"}],"wp:term":[{"taxonomy":"product_brand","embeddable":true,"href":"https:\/\/contarini.net\/de\/wp-json\/wp\/v2\/product_brand?post=40281"},{"taxonomy":"product_cat","embeddable":true,"href":"https:\/\/contarini.net\/de\/wp-json\/wp\/v2\/product_cat?post=40281"},{"taxonomy":"product_tag","embeddable":true,"href":"https:\/\/contarini.net\/de\/wp-json\/wp\/v2\/product_tag?post=40281"}],"curies":[{"name":"wp","href":"https:\/\/api.w.org\/{rel}","templated":true}]}}