{"id":40278,"date":"2016-09-06T17:13:43","date_gmt":"2016-09-06T15:13:43","guid":{"rendered":"https:\/\/contarini.net\/de\/produkt\/acm-de\/"},"modified":"2016-09-06T17:13:44","modified_gmt":"2016-09-06T15:13:44","slug":"acm-de","status":"publish","type":"product","link":"https:\/\/contarini.net\/de\/produkt\/acm-de\/","title":{"rendered":"SCHL\u00dcSSEL F\u00dcR ZYLINDER 839G TYP ACM"},"content":{"rendered":"<p>Der Montageschl\u00fcssel f\u00fcr Zylinder der Serie ACM dient dem Festschrauben der F\u00fchrungsk\u00f6pfe mit an der Vorderseite angeordneten Bohrungen.<\/p>\n","protected":false},"excerpt":{"rendered":"<p>Der Montageschl\u00fcssel f\u00fcr Zylinder der Serie ACM dient dem Festschrauben der F\u00fchrungsk\u00f6pfe mit an der Vorderseite angeordneten Bohrungen.<\/p>\n","protected":false},"featured_media":0,"template":"","product_brand":[],"product_cat":[531],"product_tag":[],"class_list":{"0":"post-40278","1":"product","2":"type-product","3":"status-publish","5":"product_cat-werkzeuge-zu-zylindermontage","6":"odd","8":"first","9":"instock","10":"shipping-taxable","11":"product-type-simple"},"_links":{"self":[{"href":"https:\/\/contarini.net\/de\/wp-json\/wp\/v2\/product\/40278","targetHints":{"allow":["GET"]}}],"collection":[{"href":"https:\/\/contarini.net\/de\/wp-json\/wp\/v2\/product"}],"about":[{"href":"https:\/\/contarini.net\/de\/wp-json\/wp\/v2\/types\/product"}],"wp:attachment":[{"href":"https:\/\/contarini.net\/de\/wp-json\/wp\/v2\/media?parent=40278"}],"wp:term":[{"taxonomy":"product_brand","embeddable":true,"href":"https:\/\/contarini.net\/de\/wp-json\/wp\/v2\/product_brand?post=40278"},{"taxonomy":"product_cat","embeddable":true,"href":"https:\/\/contarini.net\/de\/wp-json\/wp\/v2\/product_cat?post=40278"},{"taxonomy":"product_tag","embeddable":true,"href":"https:\/\/contarini.net\/de\/wp-json\/wp\/v2\/product_tag?post=40278"}],"curies":[{"name":"wp","href":"https:\/\/api.w.org\/{rel}","templated":true}]}}