{"id":40272,"date":"2016-09-06T17:13:41","date_gmt":"2016-09-06T15:13:41","guid":{"rendered":"https:\/\/contarini.net\/de\/produkt\/alox-de\/"},"modified":"2016-09-06T17:13:41","modified_gmt":"2016-09-06T15:13:41","slug":"alox-de","status":"publish","type":"product","link":"https:\/\/contarini.net\/de\/produkt\/alox-de\/","title":{"rendered":"SCHRAUBENSICHERUNGEN MITTELST\u00c4RKE &#8211; 250ML &#8211; TYP ALOX"},"content":{"rendered":"<p>Die Gewindedichtung der Serie ALOX ist ein anaerober Klebstoff f\u00fcr Metall mit mittlerem Widerstand zum Blockieren von Muttern und Schrauben und anderen Gewinden, die ausgebaut werden m\u00fcssen. Auch f\u00fcr \u00f6lige\/fettige Oberfl\u00e4chen geeignet. Hohe Best\u00e4ndigkeit gegen\u00fcber Korrosion, Vibrationen, Wasser, Gasen, \u00d6len, Kraftstoff und vielen Chemikalien. Gepr\u00fcfter Schutz gegen L\u00f6sen des Gewindes bei einer Temperatur von +200 \u00b0C. Zugelassen als Dichtmittel f\u00fcr Gewindeverbindungen in Kontakt mit Gases mit DIN-DVGW-Zertifizierung gem\u00e4\u00df DIN EN 751 Reg. Nr.NG-5146AU0399 und GAZ DE FRANCE. Zugelassen f\u00fcr den Einsatz f\u00fcr Trinkwasser mit TZW &#8211; DVGW-Zertifizierung. Die Dichteigenschaften bleiben in einem Temperaturbereich von -55 \u00b0C bis +200 \u00b0C und kurzfristig bis +250 \u00b0C unver\u00e4ndert.<\/p>\n","protected":false},"excerpt":{"rendered":"<p>Die Gewindedichtung der Serie ALOX ist ein anaerober Klebstoff f\u00fcr Metall mit mittlerem Widerstand zum Blockieren von Muttern und Schrauben und anderen Gewinden, die ausgebaut werden m\u00fcssen. Auch f\u00fcr \u00f6lige\/fettige Oberfl\u00e4chen geeignet. Hohe Best\u00e4ndigkeit gegen\u00fcber Korrosion, Vibrationen, Wasser, Gasen, \u00d6len, Kraftstoff und vielen Chemikalien. Gepr\u00fcfter Schutz gegen L\u00f6sen des Gewindes bei einer Temperatur von +200 \u00b0C. Zugelassen als Dichtmittel f\u00fcr [&hellip;]<\/p>\n","protected":false},"featured_media":0,"template":"","product_brand":[],"product_cat":[531],"product_tag":[],"class_list":{"0":"post-40272","1":"product","2":"type-product","3":"status-publish","5":"product_cat-werkzeuge-zu-zylindermontage","6":"odd","8":"first","9":"instock","10":"shipping-taxable","11":"product-type-simple"},"_links":{"self":[{"href":"https:\/\/contarini.net\/de\/wp-json\/wp\/v2\/product\/40272","targetHints":{"allow":["GET"]}}],"collection":[{"href":"https:\/\/contarini.net\/de\/wp-json\/wp\/v2\/product"}],"about":[{"href":"https:\/\/contarini.net\/de\/wp-json\/wp\/v2\/types\/product"}],"wp:attachment":[{"href":"https:\/\/contarini.net\/de\/wp-json\/wp\/v2\/media?parent=40272"}],"wp:term":[{"taxonomy":"product_brand","embeddable":true,"href":"https:\/\/contarini.net\/de\/wp-json\/wp\/v2\/product_brand?post=40272"},{"taxonomy":"product_cat","embeddable":true,"href":"https:\/\/contarini.net\/de\/wp-json\/wp\/v2\/product_cat?post=40272"},{"taxonomy":"product_tag","embeddable":true,"href":"https:\/\/contarini.net\/de\/wp-json\/wp\/v2\/product_tag?post=40272"}],"curies":[{"name":"wp","href":"https:\/\/api.w.org\/{rel}","templated":true}]}}