{"id":40218,"date":"2016-09-06T17:13:22","date_gmt":"2016-09-06T15:13:22","guid":{"rendered":"https:\/\/contarini.net\/de\/produkt\/gkgtp-de\/"},"modified":"2016-09-06T17:13:23","modified_gmt":"2016-09-06T15:13:23","slug":"gkgtp-de","status":"publish","type":"product","link":"https:\/\/contarini.net\/de\/produkt\/gkgtp-de\/","title":{"rendered":"DICHTS\u00c4TZE F\u00dcR KOLBEN CTIN TYP GKGTP"},"content":{"rendered":"<p>Dichtsatz der Serie GKGTP f\u00fcr die CONTARINI Kolben in Zoll der Serie CTIN<\/p>\n","protected":false},"excerpt":{"rendered":"<p>Dichtsatz der Serie GKGTP f\u00fcr die CONTARINI Kolben in Zoll der Serie CTIN<\/p>\n","protected":false},"featured_media":0,"template":"","product_brand":[],"product_cat":[525],"product_tag":[],"class_list":{"0":"post-40218","1":"product","2":"type-product","3":"status-publish","5":"product_cat-dichtsaetze","6":"odd","8":"first","9":"instock","10":"shipping-taxable","11":"product-type-simple"},"_links":{"self":[{"href":"https:\/\/contarini.net\/de\/wp-json\/wp\/v2\/product\/40218","targetHints":{"allow":["GET"]}}],"collection":[{"href":"https:\/\/contarini.net\/de\/wp-json\/wp\/v2\/product"}],"about":[{"href":"https:\/\/contarini.net\/de\/wp-json\/wp\/v2\/types\/product"}],"wp:attachment":[{"href":"https:\/\/contarini.net\/de\/wp-json\/wp\/v2\/media?parent=40218"}],"wp:term":[{"taxonomy":"product_brand","embeddable":true,"href":"https:\/\/contarini.net\/de\/wp-json\/wp\/v2\/product_brand?post=40218"},{"taxonomy":"product_cat","embeddable":true,"href":"https:\/\/contarini.net\/de\/wp-json\/wp\/v2\/product_cat?post=40218"},{"taxonomy":"product_tag","embeddable":true,"href":"https:\/\/contarini.net\/de\/wp-json\/wp\/v2\/product_tag?post=40218"}],"curies":[{"name":"wp","href":"https:\/\/api.w.org\/{rel}","templated":true}]}}