{"id":40215,"date":"2016-09-06T17:13:21","date_gmt":"2016-09-06T15:13:21","guid":{"rendered":"https:\/\/contarini.net\/de\/produkt\/gkggp-de\/"},"modified":"2016-09-06T17:13:22","modified_gmt":"2016-09-06T15:13:22","slug":"gkggp-de","status":"publish","type":"product","link":"https:\/\/contarini.net\/de\/produkt\/gkggp-de\/","title":{"rendered":"DICHTS\u00c4TZE F\u00dcR KOLBENSTANGENF\u00dcHRUNG CGIN TYP GKGGP"},"content":{"rendered":"<p>Dichtsatz der Serie GKGGP f\u00fcr die CONTARINI Standard-Kolbenstangenf\u00fchrung in Zoll der Serie CGIN<\/p>\n","protected":false},"excerpt":{"rendered":"<p>Dichtsatz der Serie GKGGP f\u00fcr die CONTARINI Standard-Kolbenstangenf\u00fchrung in Zoll der Serie CGIN<\/p>\n","protected":false},"featured_media":0,"template":"","product_brand":[],"product_cat":[525],"product_tag":[],"class_list":{"0":"post-40215","1":"product","2":"type-product","3":"status-publish","5":"product_cat-dichtsaetze","6":"odd","8":"first","9":"instock","10":"shipping-taxable","11":"product-type-simple"},"_links":{"self":[{"href":"https:\/\/contarini.net\/de\/wp-json\/wp\/v2\/product\/40215","targetHints":{"allow":["GET"]}}],"collection":[{"href":"https:\/\/contarini.net\/de\/wp-json\/wp\/v2\/product"}],"about":[{"href":"https:\/\/contarini.net\/de\/wp-json\/wp\/v2\/types\/product"}],"wp:attachment":[{"href":"https:\/\/contarini.net\/de\/wp-json\/wp\/v2\/media?parent=40215"}],"wp:term":[{"taxonomy":"product_brand","embeddable":true,"href":"https:\/\/contarini.net\/de\/wp-json\/wp\/v2\/product_brand?post=40215"},{"taxonomy":"product_cat","embeddable":true,"href":"https:\/\/contarini.net\/de\/wp-json\/wp\/v2\/product_cat?post=40215"},{"taxonomy":"product_tag","embeddable":true,"href":"https:\/\/contarini.net\/de\/wp-json\/wp\/v2\/product_tag?post=40215"}],"curies":[{"name":"wp","href":"https:\/\/api.w.org\/{rel}","templated":true}]}}