{"id":40188,"date":"2016-09-06T17:13:14","date_gmt":"2016-09-06T15:13:14","guid":{"rendered":"https:\/\/contarini.net\/de\/produkt\/gkgctse-de\/"},"modified":"2016-09-06T17:13:14","modified_gmt":"2016-09-06T15:13:14","slug":"gkgctse-de","status":"publish","type":"product","link":"https:\/\/contarini.net\/de\/produkt\/gkgctse-de\/","title":{"rendered":"DICHTS\u00c4TZE F\u00dcR KOLBEN CTSE TYP GKGCTSE"},"content":{"rendered":"<p>Dichtsatz der Serie GKGCTSE f\u00fcr die CONTARINI Standard-Kolben der Serie CTSE<\/p>\n","protected":false},"excerpt":{"rendered":"<p>Dichtsatz der Serie GKGCTSE f\u00fcr die CONTARINI Standard-Kolben der Serie CTSE<\/p>\n","protected":false},"featured_media":0,"template":"","product_brand":[],"product_cat":[525],"product_tag":[],"class_list":{"0":"post-40188","1":"product","2":"type-product","3":"status-publish","5":"product_cat-dichtsaetze","6":"odd","8":"first","9":"instock","10":"shipping-taxable","11":"product-type-simple"},"_links":{"self":[{"href":"https:\/\/contarini.net\/de\/wp-json\/wp\/v2\/product\/40188","targetHints":{"allow":["GET"]}}],"collection":[{"href":"https:\/\/contarini.net\/de\/wp-json\/wp\/v2\/product"}],"about":[{"href":"https:\/\/contarini.net\/de\/wp-json\/wp\/v2\/types\/product"}],"wp:attachment":[{"href":"https:\/\/contarini.net\/de\/wp-json\/wp\/v2\/media?parent=40188"}],"wp:term":[{"taxonomy":"product_brand","embeddable":true,"href":"https:\/\/contarini.net\/de\/wp-json\/wp\/v2\/product_brand?post=40188"},{"taxonomy":"product_cat","embeddable":true,"href":"https:\/\/contarini.net\/de\/wp-json\/wp\/v2\/product_cat?post=40188"},{"taxonomy":"product_tag","embeddable":true,"href":"https:\/\/contarini.net\/de\/wp-json\/wp\/v2\/product_tag?post=40188"}],"curies":[{"name":"wp","href":"https:\/\/api.w.org\/{rel}","templated":true}]}}