{"id":40176,"date":"2016-09-06T17:13:11","date_gmt":"2016-09-06T15:13:11","guid":{"rendered":"https:\/\/contarini.net\/de\/produkt\/gkgt-de\/"},"modified":"2016-09-06T17:13:11","modified_gmt":"2016-09-06T15:13:11","slug":"gkgt-de","status":"publish","type":"product","link":"https:\/\/contarini.net\/de\/produkt\/gkgt-de\/","title":{"rendered":"DICHTS\u00c4TZE F\u00dcR KOLBENSTANGENF\u00dcHRUNG CGT TYP GKGT"},"content":{"rendered":"<p>Kompletter Dichtsatz der Serie GKGT f\u00fcr Contarini Standard-Plungerzylinder der Serie HT0<\/p>\n","protected":false},"excerpt":{"rendered":"<p>Kompletter Dichtsatz der Serie GKGT f\u00fcr Contarini Standard-Plungerzylinder der Serie HT0<\/p>\n","protected":false},"featured_media":0,"template":"","product_brand":[],"product_cat":[525],"product_tag":[],"class_list":{"0":"post-40176","1":"product","2":"type-product","3":"status-publish","5":"product_cat-dichtsaetze","6":"odd","8":"first","9":"instock","10":"shipping-taxable","11":"product-type-simple"},"_links":{"self":[{"href":"https:\/\/contarini.net\/de\/wp-json\/wp\/v2\/product\/40176","targetHints":{"allow":["GET"]}}],"collection":[{"href":"https:\/\/contarini.net\/de\/wp-json\/wp\/v2\/product"}],"about":[{"href":"https:\/\/contarini.net\/de\/wp-json\/wp\/v2\/types\/product"}],"wp:attachment":[{"href":"https:\/\/contarini.net\/de\/wp-json\/wp\/v2\/media?parent=40176"}],"wp:term":[{"taxonomy":"product_brand","embeddable":true,"href":"https:\/\/contarini.net\/de\/wp-json\/wp\/v2\/product_brand?post=40176"},{"taxonomy":"product_cat","embeddable":true,"href":"https:\/\/contarini.net\/de\/wp-json\/wp\/v2\/product_cat?post=40176"},{"taxonomy":"product_tag","embeddable":true,"href":"https:\/\/contarini.net\/de\/wp-json\/wp\/v2\/product_tag?post=40176"}],"curies":[{"name":"wp","href":"https:\/\/api.w.org\/{rel}","templated":true}]}}