{"id":40161,"date":"2016-09-06T17:08:58","date_gmt":"2016-09-06T15:08:58","guid":{"rendered":"https:\/\/contarini.net\/de\/produkt\/gkg-de\/"},"modified":"2016-09-06T17:08:58","modified_gmt":"2016-09-06T15:08:58","slug":"gkg-de","status":"publish","type":"product","link":"https:\/\/contarini.net\/de\/produkt\/gkg-de\/","title":{"rendered":"DICHTS\u00c4TZE KOMPLETT (kolbenstangenf\u00fchrung + kolben) TYP GKG"},"content":{"rendered":"<p>Kompletter Dichtsatz der Serie GKG (f\u00fcr die Kolbenstangenf\u00fchrung und den ganzen Kolben) f\u00fcr Contarini Standardzylinder<\/p>\n","protected":false},"excerpt":{"rendered":"<p>Kompletter Dichtsatz der Serie GKG (f\u00fcr die Kolbenstangenf\u00fchrung und den ganzen Kolben) f\u00fcr Contarini Standardzylinder<\/p>\n","protected":false},"featured_media":0,"template":"","product_brand":[],"product_cat":[525],"product_tag":[],"class_list":{"0":"post-40161","1":"product","2":"type-product","3":"status-publish","5":"product_cat-dichtsaetze","6":"odd","8":"first","9":"instock","10":"shipping-taxable","11":"product-type-simple"},"_links":{"self":[{"href":"https:\/\/contarini.net\/de\/wp-json\/wp\/v2\/product\/40161","targetHints":{"allow":["GET"]}}],"collection":[{"href":"https:\/\/contarini.net\/de\/wp-json\/wp\/v2\/product"}],"about":[{"href":"https:\/\/contarini.net\/de\/wp-json\/wp\/v2\/types\/product"}],"wp:attachment":[{"href":"https:\/\/contarini.net\/de\/wp-json\/wp\/v2\/media?parent=40161"}],"wp:term":[{"taxonomy":"product_brand","embeddable":true,"href":"https:\/\/contarini.net\/de\/wp-json\/wp\/v2\/product_brand?post=40161"},{"taxonomy":"product_cat","embeddable":true,"href":"https:\/\/contarini.net\/de\/wp-json\/wp\/v2\/product_cat?post=40161"},{"taxonomy":"product_tag","embeddable":true,"href":"https:\/\/contarini.net\/de\/wp-json\/wp\/v2\/product_tag?post=40161"}],"curies":[{"name":"wp","href":"https:\/\/api.w.org\/{rel}","templated":true}]}}